{"id":32138,"date":"2025-07-23T15:13:28","date_gmt":"2025-07-23T15:13:28","guid":{"rendered":"https:\/\/clinicco.ro\/?page_id=32138"},"modified":"2025-08-07T11:43:22","modified_gmt":"2025-08-07T11:43:22","slug":"terrmeni-si-conditii","status":"publish","type":"page","link":"https:\/\/clinicco.ro\/en\/terms-and-conditions\/","title":{"rendered":"Terms and Conditions"},"content":{"rendered":"<div data-elementor-type=\"wp-page\" data-elementor-id=\"32138\" class=\"elementor elementor-32138\">\n\t\t\t\t        <section class=\"elementor-section elementor-top-section elementor-element elementor-element-dd6246f elementor-section-stretched elementor-section-full_width hero-header-video careers-hero typography-h1 elementor-section-height-default elementor-section-height-default pxl-row-scroll-none pxl-zoom-point-false pxl-section-overflow-visible pxl-full-content-with-space-none\" data-id=\"dd6246f\" data-element_type=\"section\" data-settings=\"{&quot;stretch_section&quot;:&quot;section-stretched&quot;,&quot;background_background&quot;:&quot;video&quot;,&quot;background_video_start&quot;:0,&quot;background_play_on_mobile&quot;:&quot;yes&quot;}\">\n\n                            <div class=\"elementor-background-overlay\"><\/div>\n            \n                <div class=\"elementor-container elementor-column-gap-extended\">\n                <div class=\"elementor-column elementor-col-100 elementor-top-column elementor-element elementor-element-642a0b7 pxl-column-none pxl-column-overflow-hidden-no\" data-id=\"642a0b7\" data-element_type=\"column\">\r\n        <div class=\"elementor-widget-wrap elementor-element-populated\">\r\n                     \r\n                <section class=\"elementor-section elementor-inner-section elementor-element elementor-element-27caaae elementor-section-boxed elementor-section-height-default elementor-section-height-default pxl-row-scroll-none pxl-zoom-point-false pxl-section-overflow-visible\" data-id=\"27caaae\" data-element_type=\"section\">\n\n                \n                <div class=\"elementor-container elementor-column-gap-default\">\n                <div class=\"elementor-column elementor-col-100 elementor-inner-column elementor-element elementor-element-198289f pxl-column-none pxl-column-overflow-hidden-no\" data-id=\"198289f\" data-element_type=\"column\" data-settings=\"{&quot;background_background&quot;:&quot;classic&quot;}\">\r\n        <div class=\"elementor-widget-wrap elementor-element-populated\">\r\n                                <div class=\"elementor-background-overlay\"><\/div>\r\n         \r\n        \t\t<div class=\"elementor-element elementor-element-aa6a662 elementor-widget elementor-widget-pxl_heading\" data-id=\"aa6a662\" data-element_type=\"widget\" data-widget_type=\"pxl_heading.default\">\n\t\t\t\t<div class=\"elementor-widget-container\">\n\t\t\t\n<div id=\"pxl-pxl_heading-aa6a662-3199\" class=\"pxl-heading px-sub-title-default-style\">\n\t<div class=\"pxl-heading--inner\">\n\t\t\n\t\t<h3 class=\"pxl-item--title style-default ft-gt highlight-default\" data-wow-delay=\"ms\">\n\t\t\t\t\t\t\tTerms and Conditions\t\n\t\t\t\t\n\t\t<\/h3>\n\t\t\n\t<\/div>\n<\/div>\t\t<\/div>\n\t\t\t\t<\/div>\n\t\t            <\/div>\r\n        <\/div>\r\n        \t\t\t<\/div>\n\t\t<\/section>\n\t\t            <\/div>\r\n        <\/div>\r\n        \t\t\t<\/div>\n\t\t<\/section>\n\t\t        <section class=\"elementor-section elementor-top-section elementor-element elementor-element-bef8768 elementor-section-boxed elementor-section-height-default elementor-section-height-default pxl-row-scroll-none pxl-zoom-point-false pxl-section-overflow-visible\" data-id=\"bef8768\" data-element_type=\"section\">\n\n                \n                <div class=\"elementor-container elementor-column-gap-default\">\n                <div class=\"elementor-column elementor-col-100 elementor-top-column elementor-element elementor-element-33dc3a0 pxl-column-none pxl-column-overflow-hidden-no\" data-id=\"33dc3a0\" data-element_type=\"column\">\r\n        <div class=\"elementor-widget-wrap elementor-element-populated\">\r\n                     \r\n        \t\t<div class=\"elementor-element elementor-element-f3cec0e elementor-widget elementor-widget-text-editor\" data-id=\"f3cec0e\" data-element_type=\"widget\" data-widget_type=\"text-editor.default\">\n\t\t\t\t<div class=\"elementor-widget-container\">\n\t\t\t\t\t\t\t<p>\u00a0<\/p><p style=\"text-align: justify;\"><strong>Welcome to <a href=\"https:\/\/clinicco.ro\/en\/\" target=\"_blank\" rel=\"noopener noreferrer\">www.clinicco.ro<\/a>!<\/strong><br \/><br \/>Please read the terms and conditions of use of this website carefully, as accessing it implies your agreement to the terms and conditions.<br \/><br \/>This site is managed by <strong>S.C. CLINICILE ICCO S.R.L.<\/strong>, with registered office in Brasov, str. \u0218colii nr. 8, room 12, Brasov County, having the order number in the Trade Register <strong>J8\/2762\/2007<\/strong>, <strong>CUI 22555509<\/strong>, bank account <strong>RO90 OTPV 2110 0032 1726 RO01<\/strong>opened with OTP Bank, legally represented by Mr. <strong>Antonius Depner - Executive Director<\/strong>, as beneficiary, hereinafter referred to as \"<strong>BENEFICIARY<\/strong>\". As the owner of the www.clinicco.ro website, the BENEFICIARY reserves the right to change and update the content of this website and the Terms and Conditions of Use at any time without prior notice.<br \/>Therefore, please visit this section regularly.<\/p><p style=\"font-weight: bold; font-size: 1.1em; color: #000000; text-align: justify;\">Copyright<\/p><p style=\"text-align: justify;\">Full site content <a href=\"https:\/\/clinicco.ro\/en\/\" target=\"_blank\" rel=\"noopener noreferrer\">www.clinicco.ro<\/a>, i.e. data, images, text, graphics, symbols, audio\/video clips,<br \/>web-design elements, scripts or programs are the property of <strong>S.C. CLINICILE ICCO S.R.L.<\/strong>, being protected by copyright law. Information and materials used in this site are reserved by S.C. CLINICILE ICCO S.R.L. The use of any text, image, material, file or construction object from this site for any other purposes other than non-commercial and those specified in the site, without the written consent of S.C. CLINICILE ICCO S.R.L., is prohibited, all of which are protected under the provisions of copyright law. The use of any of the aforementioned elements, without the prior consent of the right holders, will be punishable according to the legislation in force.<\/p><p style=\"font-weight: bold; font-size: 1.1em; color: #000000; text-align: justify;\">Terms of use. Warranties and limitations<\/p><p style=\"text-align: justify;\">This site, together with all the information contained herein, is provided as is, to the extent available, without any representation of warranty or endorsement, express or implied. S.C. CLINICILE ICCO S.R.L. does not guarantee that the website, the servers on which it is hosted or the e-mails sent by its representatives do not contain viruses or other potentially harmful computer components. The user uses the website on his\/her own responsibility, S.C. CLINICILE ICCO S.R.L. being exonerated from any direct or indirect damage caused by the use or access to the website, respectively by the information used on the website.<br \/><br \/>We do not guarantee that your use of this site will be uninterrupted or error-free. Notwithstanding any provision of these terms and conditions, to the fullest extent permitted by law, we will not be liable for the operation or availability of the site, regardless of the reasons or factors leading to its interruption. We make no warranty as to the communication conditions of users, including the state of your personal computer. Furthermore, no reference to compatibility between the user's computer and the Site is included in the information published on the Site.<\/p><p style=\"text-align: justify;\"><br \/>Access to www.clinicco.ro is exclusively at your own free will. S.C. CLINICILE ICCO S.R.L. shall not be liable for any errors or omissions that may occur in the writing or presentation of the materials or information on the site. We make no warranty of any kind regarding the content and use of this site. The information published corresponds to the reality at the time it is posted on the site or when the pages making up the site are updated. Services and products presented on the site may be subject to price adjustments. In order to receive a clear offer, please contact one of the representatives of S.C. CLINICILE ICCO S.R.L. or fill in the form available on the website.<\/p><p style=\"text-align: justify;\">S.C. CLINICILE ICCO S.R.L. reserves the right to modify the data on the website at any time, depending on the changes that take place with regard to the service\/s offered. S.C. CLINICILE ICCO S.R.L. does not declare, guarantee, approve or assume any responsibility whatsoever for external websites that contain links to this website. Any external site that you visit as a result of accessing a link from www.clinicco.ro is not under the control of S.C. CLINICILE ICCO S.R.L., and your visit to the external site is at your sole risk.<\/p><p style=\"font-weight: bold; font-size: 1.1em; color: #000000; text-align: justify;\">Security<\/p><p style=\"text-align: justify;\">Unauthorized operations on this site and attempts to carry out unauthorized operations on this site, including misuse, fraudulent use, unauthorized access, altering and\/or copying of information for commercial purposes or other such actions will be punishable by law.<\/p><p style=\"font-weight: bold; font-size: 1.1em; color: #000000; text-align: justify;\">Personal data processing security policy<\/p><p style=\"text-align: justify;\">The personal data of each User and\/or Buyer is confidential and will be used by the commercial company <strong>S.C. CLINICILE ICCO S.R.L.<\/strong> only for the stated purpose of this site (purchase of products, information, visit, expression of opinions), in compliance with the provisions of Law no. 677\/2001. Our company undertakes not to provide, directly or indirectly, this data to a third party, except in the exceptions provided by law. Users' personal data is stored in a password-protected database. Customers' login data on the website are also stored encrypted. By accessing the application, users have the possibility to edit their own personal data, without having access to other users' data. Any attempt to access other users' data is a criminal offense and punishable as such.<\/p><p style=\"font-weight: bold; font-size: 1.1em; color: #000000; text-align: justify;\">Model personal data protection information notice<\/p><p style=\"text-align: justify;\">As required by Law no. 677\/2001 and Law no. 506\/2004, <strong>S.C. CLINICILE ICCO S.R.L.<\/strong> is required to handle in a secure manner, and only for the specified purposes, the personal data you provide to us about yourself, a member of your family or another person. The purpose of data collection is: advertising, marketing and publicity. The recorded information is intended for use by the controller and is only disclosed to the following recipients: the data subject, the data subject's legal representatives, the controller's processor, other companies in the same group as the controller. In accordance with the law, you benefit from the right of access, the right to intervene on the data, the right not to be subject to an individual decision and the right to have recourse to the courts.<br \/><br \/>You also have the right to object to the processing of data concerning you and to request their erasure. To exercise these rights, send a written, dated and signed request to <strong>S.C. CLINICILE ICCO S.R.L.<\/strong>. You also have the right to take legal action. If any of the information about you is incorrect, please inform us as soon as possible.<\/p><p style=\"font-weight: bold; font-size: 1.1em; color: #000000; text-align: justify;\">Legislation<\/p><p style=\"text-align: justify;\">Terms and conditions of use are subject to Romanian law. In the event of a dispute, an amicable settlement will first be attempted within 30 working days from the registration of the complaint at <strong>S.C. CLINICILE ICCO S.R.L.<\/strong>. If an agreement cannot be reached within the aforementioned term, the conflict will be settled by the competent court of the site administrator's registered office, in accordance with the Romanian laws in force.<\/p><p style=\"font-weight: bold; font-size: 1.1em; color: #000000; text-align: justify;\">Identification data<\/p><p style=\"text-align: justify;\"><strong>S.C. CLINICILE ICCO S.R.L.<\/strong><br \/>Based in Brasov, str. \u0218colii nr. 8, room 12<\/p>\t\t\t\t\t\t<\/div>\n\t\t\t\t<\/div>\n\t\t            <\/div>\r\n        <\/div>\r\n        \t\t\t<\/div>\n\t\t<\/section>\n\t\t\t\t<\/div>","protected":false},"excerpt":{"rendered":"<p>Termeni \u0219i Condi\u021bii \u00a0 Bine a\u021bi venit pe site-ul www.clinicco.ro! V\u0103 rug\u0103m s\u0103 citi\u021bi cu aten\u021bie termenii \u0219i condi\u021biile de utilizare ale acestui site, \u00eentruc\u00e2t accesarea sa presupune acceptul dumneavoastr\u0103 cu privire la clauzele stipulate. Acest site este administrat de S.C. CLINICILE ICCO S.R.L., cu sediul \u00een Bra\u0219ov, str. \u0218colii nr. 8, camera 12, jude\u021bul [&hellip;]<\/p>","protected":false},"author":5,"featured_media":21064,"parent":0,"menu_order":0,"comment_status":"closed","ping_status":"closed","template":"","meta":{"_acf_changed":false,"footnotes":""},"class_list":["post-32138","page","type-page","status-publish","has-post-thumbnail","hentry"],"yoast_head":"<!-- This site is optimized with the Yoast SEO plugin v24.1 - https:\/\/yoast.com\/wordpress\/plugins\/seo\/ -->\n<title>Documente \u0219i informa\u021bii utile pentru pacien\u021bii Clinicco Bra\u0219ov<\/title>\n<meta name=\"description\" content=\"Informa\u021bii \u0219i documenta\u021bie esen\u021bial\u0103 pentru pacien\u021bi \u0219i apar\u021bin\u0103tori \u00een cadrul Clinicco Bra\u0219ov, incluz\u00e2nd drepturi \u0219i obliga\u021bii legale.\" \/>\n<meta name=\"robots\" content=\"index, follow, max-snippet:-1, max-image-preview:large, max-video-preview:-1\" \/>\n<link rel=\"canonical\" href=\"https:\/\/clinicco.ro\/en\/terms-and-conditions\/\" \/>\n<meta property=\"og:locale\" content=\"en_US\" \/>\n<meta property=\"og:type\" content=\"article\" \/>\n<meta property=\"og:title\" content=\"Documente \u0219i informa\u021bii utile pentru pacien\u021bii Clinicco Bra\u0219ov\" \/>\n<meta property=\"og:description\" content=\"Informa\u021bii \u0219i documenta\u021bie esen\u021bial\u0103 pentru pacien\u021bi \u0219i apar\u021bin\u0103tori \u00een cadrul Clinicco Bra\u0219ov, incluz\u00e2nd drepturi \u0219i obliga\u021bii legale.\" \/>\n<meta property=\"og:url\" content=\"https:\/\/clinicco.ro\/en\/terms-and-conditions\/\" \/>\n<meta property=\"og:site_name\" content=\"Spitalul CLINICCO\" \/>\n<meta property=\"article:modified_time\" content=\"2025-08-07T11:43:22+00:00\" \/>\n<meta property=\"og:image\" content=\"https:\/\/clinicco.ro\/wp-content\/uploads\/2025\/02\/Screenshot-2025-02-10-143518.webp\" \/>\n\t<meta property=\"og:image:width\" content=\"2385\" \/>\n\t<meta property=\"og:image:height\" content=\"1241\" \/>\n\t<meta property=\"og:image:type\" content=\"image\/webp\" \/>\n<meta name=\"twitter:card\" content=\"summary_large_image\" \/>\n<meta name=\"twitter:label1\" content=\"Est. reading time\" \/>\n\t<meta name=\"twitter:data1\" content=\"5 minutes\" \/>\n<script type=\"application\/ld+json\" class=\"yoast-schema-graph\">{\"@context\":\"https:\/\/schema.org\",\"@graph\":[{\"@type\":\"WebPage\",\"@id\":\"https:\/\/clinicco.ro\/en\/terms-and-conditions\/\",\"url\":\"https:\/\/clinicco.ro\/en\/terms-and-conditions\/\",\"name\":\"Documente \u0219i informa\u021bii utile pentru pacien\u021bii Clinicco Bra\u0219ov\",\"isPartOf\":{\"@id\":\"https:\/\/clinicco.ro\/en\/#website\"},\"primaryImageOfPage\":{\"@id\":\"https:\/\/clinicco.ro\/en\/terms-and-conditions\/#primaryimage\"},\"image\":{\"@id\":\"https:\/\/clinicco.ro\/en\/terms-and-conditions\/#primaryimage\"},\"thumbnailUrl\":\"https:\/\/clinicco.ro\/wp-content\/uploads\/2025\/02\/Screenshot-2025-02-10-143518.webp\",\"datePublished\":\"2025-07-23T15:13:28+00:00\",\"dateModified\":\"2025-08-07T11:43:22+00:00\",\"description\":\"Informa\u021bii \u0219i documenta\u021bie esen\u021bial\u0103 pentru pacien\u021bi \u0219i apar\u021bin\u0103tori \u00een cadrul Clinicco Bra\u0219ov, incluz\u00e2nd drepturi \u0219i obliga\u021bii legale.\",\"breadcrumb\":{\"@id\":\"https:\/\/clinicco.ro\/en\/terms-and-conditions\/#breadcrumb\"},\"inLanguage\":\"en-US\",\"potentialAction\":[{\"@type\":\"ReadAction\",\"target\":[\"https:\/\/clinicco.ro\/en\/terms-and-conditions\/\"]}]},{\"@type\":\"ImageObject\",\"inLanguage\":\"en-US\",\"@id\":\"https:\/\/clinicco.ro\/en\/terms-and-conditions\/#primaryimage\",\"url\":\"https:\/\/clinicco.ro\/wp-content\/uploads\/2025\/02\/Screenshot-2025-02-10-143518.webp\",\"contentUrl\":\"https:\/\/clinicco.ro\/wp-content\/uploads\/2025\/02\/Screenshot-2025-02-10-143518.webp\",\"width\":2385,\"height\":1241},{\"@type\":\"BreadcrumbList\",\"@id\":\"https:\/\/clinicco.ro\/en\/terms-and-conditions\/#breadcrumb\",\"itemListElement\":[{\"@type\":\"ListItem\",\"position\":1,\"name\":\"Home\",\"item\":\"https:\/\/clinicco.ro\/\"},{\"@type\":\"ListItem\",\"position\":2,\"name\":\"Termeni \u0219i Condi\u021bii\"}]},{\"@type\":\"WebSite\",\"@id\":\"https:\/\/clinicco.ro\/en\/#website\",\"url\":\"https:\/\/clinicco.ro\/en\/\",\"name\":\"Spitalul CLINICCO\",\"description\":\"\",\"publisher\":{\"@id\":\"https:\/\/clinicco.ro\/en\/#organization\"},\"potentialAction\":[{\"@type\":\"SearchAction\",\"target\":{\"@type\":\"EntryPoint\",\"urlTemplate\":\"https:\/\/clinicco.ro\/en\/?s={search_term_string}\"},\"query-input\":{\"@type\":\"PropertyValueSpecification\",\"valueRequired\":true,\"valueName\":\"search_term_string\"}}],\"inLanguage\":\"en-US\"},{\"@type\":\"Organization\",\"@id\":\"https:\/\/clinicco.ro\/en\/#organization\",\"name\":\"Spitalul CLINICCO\",\"url\":\"https:\/\/clinicco.ro\/en\/\",\"logo\":{\"@type\":\"ImageObject\",\"inLanguage\":\"en-US\",\"@id\":\"https:\/\/clinicco.ro\/en\/#\/schema\/logo\/image\/\",\"url\":\"https:\/\/clinicco.ro\/wp-content\/uploads\/2025\/08\/cropped-iclogo-clinicco.png\",\"contentUrl\":\"https:\/\/clinicco.ro\/wp-content\/uploads\/2025\/08\/cropped-iclogo-clinicco.png\",\"width\":512,\"height\":512,\"caption\":\"Spitalul CLINICCO\"},\"image\":{\"@id\":\"https:\/\/clinicco.ro\/en\/#\/schema\/logo\/image\/\"}}]}<\/script>\n<!-- \/ Yoast SEO plugin. -->","yoast_head_json":{"title":"Useful documents and information for Clinicco Brasov patients","description":"Essential information and documentation for patients and caregivers at Clinicco Brasov, including legal rights and obligations.","robots":{"index":"index","follow":"follow","max-snippet":"max-snippet:-1","max-image-preview":"max-image-preview:large","max-video-preview":"max-video-preview:-1"},"canonical":"https:\/\/clinicco.ro\/en\/terms-and-conditions\/","og_locale":"en_US","og_type":"article","og_title":"Documente \u0219i informa\u021bii utile pentru pacien\u021bii Clinicco Bra\u0219ov","og_description":"Informa\u021bii \u0219i documenta\u021bie esen\u021bial\u0103 pentru pacien\u021bi \u0219i apar\u021bin\u0103tori \u00een cadrul Clinicco Bra\u0219ov, incluz\u00e2nd drepturi \u0219i obliga\u021bii legale.","og_url":"https:\/\/clinicco.ro\/en\/terms-and-conditions\/","og_site_name":"Spitalul CLINICCO","article_modified_time":"2025-08-07T11:43:22+00:00","og_image":[{"width":2385,"height":1241,"url":"https:\/\/clinicco.ro\/wp-content\/uploads\/2025\/02\/Screenshot-2025-02-10-143518.webp","type":"image\/webp"}],"twitter_card":"summary_large_image","twitter_misc":{"Est. reading time":"5 minutes"},"schema":{"@context":"https:\/\/schema.org","@graph":[{"@type":"WebPage","@id":"https:\/\/clinicco.ro\/en\/terms-and-conditions\/","url":"https:\/\/clinicco.ro\/en\/terms-and-conditions\/","name":"Useful documents and information for Clinicco Brasov patients","isPartOf":{"@id":"https:\/\/clinicco.ro\/en\/#website"},"primaryImageOfPage":{"@id":"https:\/\/clinicco.ro\/en\/terms-and-conditions\/#primaryimage"},"image":{"@id":"https:\/\/clinicco.ro\/en\/terms-and-conditions\/#primaryimage"},"thumbnailUrl":"https:\/\/clinicco.ro\/wp-content\/uploads\/2025\/02\/Screenshot-2025-02-10-143518.webp","datePublished":"2025-07-23T15:13:28+00:00","dateModified":"2025-08-07T11:43:22+00:00","description":"Essential information and documentation for patients and caregivers at Clinicco Brasov, including legal rights and obligations.","breadcrumb":{"@id":"https:\/\/clinicco.ro\/en\/terms-and-conditions\/#breadcrumb"},"inLanguage":"en-US","potentialAction":[{"@type":"ReadAction","target":["https:\/\/clinicco.ro\/en\/terms-and-conditions\/"]}]},{"@type":"ImageObject","inLanguage":"en-US","@id":"https:\/\/clinicco.ro\/en\/terms-and-conditions\/#primaryimage","url":"https:\/\/clinicco.ro\/wp-content\/uploads\/2025\/02\/Screenshot-2025-02-10-143518.webp","contentUrl":"https:\/\/clinicco.ro\/wp-content\/uploads\/2025\/02\/Screenshot-2025-02-10-143518.webp","width":2385,"height":1241},{"@type":"BreadcrumbList","@id":"https:\/\/clinicco.ro\/en\/terms-and-conditions\/#breadcrumb","itemListElement":[{"@type":"ListItem","position":1,"name":"Home","item":"https:\/\/clinicco.ro\/"},{"@type":"ListItem","position":2,"name":"Termeni \u0219i Condi\u021bii"}]},{"@type":"WebSite","@id":"https:\/\/clinicco.ro\/en\/#website","url":"https:\/\/clinicco.ro\/en\/","name":"CLINICCO Hospital","description":"","publisher":{"@id":"https:\/\/clinicco.ro\/en\/#organization"},"potentialAction":[{"@type":"SearchAction","target":{"@type":"EntryPoint","urlTemplate":"https:\/\/clinicco.ro\/en\/?s={search_term_string}"},"query-input":{"@type":"PropertyValueSpecification","valueRequired":true,"valueName":"search_term_string"}}],"inLanguage":"en-US"},{"@type":"Organization","@id":"https:\/\/clinicco.ro\/en\/#organization","name":"CLINICCO Hospital","url":"https:\/\/clinicco.ro\/en\/","logo":{"@type":"ImageObject","inLanguage":"en-US","@id":"https:\/\/clinicco.ro\/en\/#\/schema\/logo\/image\/","url":"https:\/\/clinicco.ro\/wp-content\/uploads\/2025\/08\/cropped-iclogo-clinicco.png","contentUrl":"https:\/\/clinicco.ro\/wp-content\/uploads\/2025\/08\/cropped-iclogo-clinicco.png","width":512,"height":512,"caption":"Spitalul CLINICCO"},"image":{"@id":"https:\/\/clinicco.ro\/en\/#\/schema\/logo\/image\/"}}]}},"acf":[],"_links":{"self":[{"href":"https:\/\/clinicco.ro\/en\/wp-json\/wp\/v2\/pages\/32138","targetHints":{"allow":["GET"]}}],"collection":[{"href":"https:\/\/clinicco.ro\/en\/wp-json\/wp\/v2\/pages"}],"about":[{"href":"https:\/\/clinicco.ro\/en\/wp-json\/wp\/v2\/types\/page"}],"author":[{"embeddable":true,"href":"https:\/\/clinicco.ro\/en\/wp-json\/wp\/v2\/users\/5"}],"replies":[{"embeddable":true,"href":"https:\/\/clinicco.ro\/en\/wp-json\/wp\/v2\/comments?post=32138"}],"version-history":[{"count":0,"href":"https:\/\/clinicco.ro\/en\/wp-json\/wp\/v2\/pages\/32138\/revisions"}],"wp:featuredmedia":[{"embeddable":true,"href":"https:\/\/clinicco.ro\/en\/wp-json\/wp\/v2\/media\/21064"}],"wp:attachment":[{"href":"https:\/\/clinicco.ro\/en\/wp-json\/wp\/v2\/media?parent=32138"}],"curies":[{"name":"wp","href":"https:\/\/api.w.org\/{rel}","templated":true}]}}