{"id":26833,"date":"2025-04-15T21:48:31","date_gmt":"2025-04-15T21:48:31","guid":{"rendered":"https:\/\/clinicco.ro\/?page_id=26833"},"modified":"2025-08-20T09:16:52","modified_gmt":"2025-08-20T09:16:52","slug":"satisfaction-questionnaire","status":"publish","type":"page","link":"https:\/\/clinicco.ro\/en\/satisfaction-questionnaire\/","title":{"rendered":"Satisfaction questionnaire"},"content":{"rendered":"<div data-elementor-type=\"wp-page\" data-elementor-id=\"26833\" class=\"elementor elementor-26833\">\n\t\t\t\t        <section class=\"elementor-section elementor-top-section elementor-element elementor-element-ffe537e elementor-section-stretched elementor-section-full_width hero-header-video elementor-section-height-default elementor-section-height-default pxl-row-scroll-none pxl-zoom-point-false pxl-section-overflow-visible pxl-full-content-with-space-none\" data-id=\"ffe537e\" data-element_type=\"section\" data-settings=\"{&quot;stretch_section&quot;:&quot;section-stretched&quot;,&quot;background_background&quot;:&quot;video&quot;,&quot;background_video_start&quot;:0}\">\n\n                            <div class=\"elementor-background-overlay\"><\/div>\n            \n                <div class=\"elementor-container elementor-column-gap-extended\">\n                <div class=\"elementor-column elementor-col-100 elementor-top-column elementor-element elementor-element-fcb0ac5 pxl-column-none pxl-column-overflow-hidden-no\" data-id=\"fcb0ac5\" data-element_type=\"column\">\r\n        <div class=\"elementor-widget-wrap elementor-element-populated\">\r\n                     \r\n                <section class=\"elementor-section elementor-inner-section elementor-element elementor-element-09805e1 elementor-section-boxed elementor-section-height-default elementor-section-height-default pxl-row-scroll-none pxl-zoom-point-false pxl-section-overflow-visible\" data-id=\"09805e1\" data-element_type=\"section\">\n\n                \n                <div class=\"elementor-container elementor-column-gap-default\">\n                <div class=\"elementor-column elementor-col-100 elementor-inner-column elementor-element elementor-element-3c6ae19 pxl-column-none pxl-column-overflow-hidden-no\" data-id=\"3c6ae19\" data-element_type=\"column\" data-settings=\"{&quot;background_background&quot;:&quot;classic&quot;}\">\r\n        <div class=\"elementor-widget-wrap elementor-element-populated\">\r\n                                <div class=\"elementor-background-overlay\"><\/div>\r\n         \r\n        \t\t<div class=\"elementor-element elementor-element-83dd0b6 typography-h1 troubleshooting-title elementor-widget elementor-widget-pxl_heading\" data-id=\"83dd0b6\" data-element_type=\"widget\" data-widget_type=\"pxl_heading.default\">\n\t\t\t\t<div class=\"elementor-widget-container\">\n\t\t\t\n<div id=\"pxl-pxl_heading-83dd0b6-6579\" class=\"pxl-heading px-sub-title-default-style\">\n\t<div class=\"pxl-heading--inner\">\n\t\t\n\t\t<h3 class=\"pxl-item--title style-default ft-gt highlight-default\" data-wow-delay=\"ms\">\n\t\t\t\t\t\t\tSatisfaction questionnaire\t\n\t\t\t\t\n\t\t<\/h3>\n\t\t\n\t<\/div>\n<\/div>\t\t<\/div>\n\t\t\t\t<\/div>\n\t\t\t\t<div class=\"elementor-element elementor-element-727e005 elementor-widget elementor-widget-html\" data-id=\"727e005\" data-element_type=\"widget\" data-widget_type=\"html.default\">\n\t\t\t\t<div class=\"elementor-widget-container\">\n\t\t\t<div class=\"contact-box-container\">\n    <div class=\"contact-box\">\n        <i class=\"fas fa-phone\"><\/i>\n        <div>\n            <span>TelVerde<\/span>\n            <a href=\"tel:+40268401253\">+40 268 401 253<\/a>\n        <\/div>\n    <\/div>\n\n    <div class=\"contact-box\">\n        <i class=\"fas fa-phone\"><\/i>\n        <div>\n            <span>Emergencies<\/span>\n            <a href=\"tel:0740000000\">0740 000 000<\/a>\n        <\/div>\n    <\/div>\n\n    <div class=\"contact-box\">\n        <i class=\"fas fa-envelope\"><\/i>\n        <div>\n            <span>E-mail<\/span>\n            <a href=\"mailto:energ@icco.ro\">energ@icco.ro<\/a>\n        <\/div>\n    <\/div>\n<\/div>\n\t\t<\/div>\n\t\t\t\t<\/div>\n\t\t            <\/div>\r\n        <\/div>\r\n        \t\t\t<\/div>\n\t\t<\/section>\n\t\t            <\/div>\r\n        <\/div>\r\n        \t\t\t<\/div>\n\t\t<\/section>\n\t\t        <section class=\"elementor-section elementor-top-section elementor-element elementor-element-cb39cb9 section-satisfaction-form elementor-section-boxed elementor-section-height-default elementor-section-height-default pxl-row-scroll-none pxl-zoom-point-false pxl-section-overflow-visible\" data-id=\"cb39cb9\" data-element_type=\"section\">\n\n                \n                <div class=\"elementor-container elementor-column-gap-no\">\n                <div class=\"elementor-column elementor-col-50 elementor-top-column elementor-element elementor-element-b4fbf1f text-col personal-contribution-left-column pxl-column-none pxl-column-overflow-hidden-no\" data-id=\"b4fbf1f\" data-element_type=\"column\" data-settings=\"{&quot;background_background&quot;:&quot;classic&quot;}\">\r\n        <div class=\"elementor-widget-wrap elementor-element-populated\">\r\n                     \r\n        \t\t<div class=\"elementor-element elementor-element-131019d typography-tag typography-h2 elementor-widget elementor-widget-pxl_heading\" data-id=\"131019d\" data-element_type=\"widget\" data-widget_type=\"pxl_heading.default\">\n\t\t\t\t<div class=\"elementor-widget-container\">\n\t\t\t\n<div id=\"pxl-pxl_heading-131019d-4247\" class=\"pxl-heading px-sub-title-default-style\">\n\t<div class=\"pxl-heading--inner\">\n\t\t\t\t\t<div class=\"pxl-item--subtitle px-sub-title-default\" data-wow-delay=\"ms\">\n\t\t\t\t<span class=\"pxl-item--subtext\">\n\t\t\t\t\t\t\t\t\t\tcategories\t\t\t\t<\/span>\n\t\t\t<\/div>\n\t\t\n\t\t<h3 class=\"pxl-item--title style-default  highlight-default pxl-split-text split-in-fade\" data-wow-delay=\"ms\">\n\t\t\t\t\t\t\tHealth services assessment questionnaire\t\n\t\t\t\t\n\t\t<\/h3>\n\t\t\n\t<\/div>\n<\/div>\t\t<\/div>\n\t\t\t\t<\/div>\n\t\t\t\t<div class=\"elementor-element elementor-element-a525115 typography-body1 text-darkgray  elementor-widget elementor-widget-pxl_text_editor\" data-id=\"a525115\" data-element_type=\"widget\" data-widget_type=\"pxl_text_editor.default\">\n\t\t\t\t<div class=\"elementor-widget-container\">\n\t\t\t<div class=\"pxl-text-editor\">\n\t<div class=\"pxl-item--inner\" data-wow-delay=\"ms\">\n\t\t<p>Dear Sir\/Madam,<br \/><br \/>In order to continuously improve the services we offer, we kindly ask you to rate the degree to which our services meet your requirements and expectations.<br \/><br \/>Please rate on a scale of 1 to 5 (1 = unsatisfactory, 2 = satisfactory, 3 = good, 4 = very good, 5 = excellent), marking with an \"X\" in the appropriate column, the degree to which each of the following statements applies to you. If you wish to characterize in other words or comment on our team please fill in the blanks.<\/p>\t\t\n\t<\/div>\n<\/div>\t\t<\/div>\n\t\t\t\t<\/div>\n\t\t            <\/div>\r\n        <\/div>\r\n                <div class=\"elementor-column elementor-col-50 elementor-top-column elementor-element elementor-element-4f15d90 satisfaction-form-right-column pxl-column-none pxl-column-overflow-hidden-no\" data-id=\"4f15d90\" data-element_type=\"column\">\r\n        <div class=\"elementor-widget-wrap elementor-element-populated\">\r\n                     \r\n        \t\t<div class=\"elementor-element elementor-element-9310ad1 elementor-widget elementor-widget-shortcode\" data-id=\"9310ad1\" data-element_type=\"widget\" data-widget_type=\"shortcode.default\">\n\t\t\t\t<div class=\"elementor-widget-container\">\n\t\t\t\t\t<div class=\"elementor-shortcode\"><p class=\"wpcf7-contact-form-not-found\"><strong>Error:<\/strong> Contact form not found.<\/p><\/div>\n\t\t\t\t<\/div>\n\t\t\t\t<\/div>\n\t\t            <\/div>\r\n        <\/div>\r\n        \t\t\t<\/div>\n\t\t<\/section>\n\t\t\t\t<\/div>","protected":false},"excerpt":{"rendered":"<p>Chestionar de satisfac\u021bie TelVerde +40 268 401 253 Urgen\u021be 0740 000 000 E-mail energ@icco.ro categorie Chestionar de evaluare a serviciilor medicale Stimat\u0103 doamn\u0103\/ stimate domn, Pentru \u00eembun\u0103t\u0103\u0163irea permanent\u0103 a serviciilor oferite, v\u0103 rug\u0103m s\u0103 ave\u0163i amabilitatea de a evalua gradul \u00een care serviciile noastre \u00eendeplinesc exigen\u0163ele \u015fi a\u015ftept\u0103rile dumneavoastr\u0103. V\u0103 rug\u0103m s\u0103 evalua\u0163i pe o [&hellip;]<\/p>","protected":false},"author":3,"featured_media":32350,"parent":0,"menu_order":0,"comment_status":"closed","ping_status":"closed","template":"","meta":{"_acf_changed":false,"footnotes":""},"class_list":["post-26833","page","type-page","status-publish","has-post-thumbnail","hentry"],"yoast_head":"<!-- This site is optimized with the Yoast SEO plugin v24.1 - https:\/\/yoast.com\/wordpress\/plugins\/seo\/ -->\n<title>Chestionar evaluare servicii medicale CLINICCO Bra\u0219ov<\/title>\n<meta name=\"description\" content=\"Completeaz\u0103 chestionarul CLINICCO pentru a evalua serviciile medicale primite \u0219i a contribui la \u00eembun\u0103t\u0103\u021birea calit\u0103\u021bii actului medical.\" \/>\n<meta name=\"robots\" content=\"index, follow, max-snippet:-1, max-image-preview:large, max-video-preview:-1\" \/>\n<link rel=\"canonical\" href=\"https:\/\/clinicco.ro\/en\/satisfaction-questionnaire\/\" \/>\n<meta property=\"og:locale\" content=\"en_US\" \/>\n<meta property=\"og:type\" content=\"article\" \/>\n<meta property=\"og:title\" content=\"Chestionar evaluare servicii medicale CLINICCO Bra\u0219ov\" \/>\n<meta property=\"og:description\" content=\"Completeaz\u0103 chestionarul CLINICCO pentru a evalua serviciile medicale primite \u0219i a contribui la \u00eembun\u0103t\u0103\u021birea calit\u0103\u021bii actului medical.\" \/>\n<meta property=\"og:url\" content=\"https:\/\/clinicco.ro\/en\/satisfaction-questionnaire\/\" \/>\n<meta property=\"og:site_name\" content=\"Spitalul CLINICCO\" \/>\n<meta property=\"article:modified_time\" content=\"2025-08-20T09:16:52+00:00\" \/>\n<meta property=\"og:image\" content=\"https:\/\/clinicco.ro\/wp-content\/uploads\/2025\/04\/meta-clinicco.webp\" \/>\n\t<meta property=\"og:image:width\" content=\"1800\" \/>\n\t<meta property=\"og:image:height\" content=\"945\" \/>\n\t<meta property=\"og:image:type\" content=\"image\/webp\" \/>\n<meta name=\"twitter:card\" content=\"summary_large_image\" \/>\n<meta name=\"twitter:label1\" content=\"Est. reading time\" \/>\n\t<meta name=\"twitter:data1\" content=\"1 minute\" \/>\n<script type=\"application\/ld+json\" class=\"yoast-schema-graph\">{\"@context\":\"https:\/\/schema.org\",\"@graph\":[{\"@type\":\"WebPage\",\"@id\":\"https:\/\/clinicco.ro\/en\/satisfaction-questionnaire\/\",\"url\":\"https:\/\/clinicco.ro\/en\/satisfaction-questionnaire\/\",\"name\":\"Chestionar evaluare servicii medicale CLINICCO Bra\u0219ov\",\"isPartOf\":{\"@id\":\"https:\/\/clinicco.ro\/en\/#website\"},\"primaryImageOfPage\":{\"@id\":\"https:\/\/clinicco.ro\/en\/satisfaction-questionnaire\/#primaryimage\"},\"image\":{\"@id\":\"https:\/\/clinicco.ro\/en\/satisfaction-questionnaire\/#primaryimage\"},\"thumbnailUrl\":\"https:\/\/clinicco.ro\/wp-content\/uploads\/2025\/04\/meta-clinicco.webp\",\"datePublished\":\"2025-04-15T21:48:31+00:00\",\"dateModified\":\"2025-08-20T09:16:52+00:00\",\"description\":\"Completeaz\u0103 chestionarul CLINICCO pentru a evalua serviciile medicale primite \u0219i a contribui la \u00eembun\u0103t\u0103\u021birea calit\u0103\u021bii actului medical.\",\"breadcrumb\":{\"@id\":\"https:\/\/clinicco.ro\/en\/satisfaction-questionnaire\/#breadcrumb\"},\"inLanguage\":\"en-US\",\"potentialAction\":[{\"@type\":\"ReadAction\",\"target\":[\"https:\/\/clinicco.ro\/en\/satisfaction-questionnaire\/\"]}]},{\"@type\":\"ImageObject\",\"inLanguage\":\"en-US\",\"@id\":\"https:\/\/clinicco.ro\/en\/satisfaction-questionnaire\/#primaryimage\",\"url\":\"https:\/\/clinicco.ro\/wp-content\/uploads\/2025\/04\/meta-clinicco.webp\",\"contentUrl\":\"https:\/\/clinicco.ro\/wp-content\/uploads\/2025\/04\/meta-clinicco.webp\",\"width\":1800,\"height\":945},{\"@type\":\"BreadcrumbList\",\"@id\":\"https:\/\/clinicco.ro\/en\/satisfaction-questionnaire\/#breadcrumb\",\"itemListElement\":[{\"@type\":\"ListItem\",\"position\":1,\"name\":\"Home\",\"item\":\"https:\/\/clinicco.ro\/\"},{\"@type\":\"ListItem\",\"position\":2,\"name\":\"Chestionar de satisfac\u021bie\"}]},{\"@type\":\"WebSite\",\"@id\":\"https:\/\/clinicco.ro\/en\/#website\",\"url\":\"https:\/\/clinicco.ro\/en\/\",\"name\":\"Spitalul CLINICCO\",\"description\":\"\",\"publisher\":{\"@id\":\"https:\/\/clinicco.ro\/en\/#organization\"},\"potentialAction\":[{\"@type\":\"SearchAction\",\"target\":{\"@type\":\"EntryPoint\",\"urlTemplate\":\"https:\/\/clinicco.ro\/en\/?s={search_term_string}\"},\"query-input\":{\"@type\":\"PropertyValueSpecification\",\"valueRequired\":true,\"valueName\":\"search_term_string\"}}],\"inLanguage\":\"en-US\"},{\"@type\":\"Organization\",\"@id\":\"https:\/\/clinicco.ro\/en\/#organization\",\"name\":\"Spitalul CLINICCO\",\"url\":\"https:\/\/clinicco.ro\/en\/\",\"logo\":{\"@type\":\"ImageObject\",\"inLanguage\":\"en-US\",\"@id\":\"https:\/\/clinicco.ro\/en\/#\/schema\/logo\/image\/\",\"url\":\"https:\/\/clinicco.ro\/wp-content\/uploads\/2025\/08\/cropped-iclogo-clinicco.png\",\"contentUrl\":\"https:\/\/clinicco.ro\/wp-content\/uploads\/2025\/08\/cropped-iclogo-clinicco.png\",\"width\":512,\"height\":512,\"caption\":\"Spitalul CLINICCO\"},\"image\":{\"@id\":\"https:\/\/clinicco.ro\/en\/#\/schema\/logo\/image\/\"}}]}<\/script>\n<!-- \/ Yoast SEO plugin. -->","yoast_head_json":{"title":"Medical services evaluation questionnaire CLINICCO Brasov","description":"Fill in the CLINICCO questionnaire to evaluate the medical services you receive and contribute to improving the quality of care.","robots":{"index":"index","follow":"follow","max-snippet":"max-snippet:-1","max-image-preview":"max-image-preview:large","max-video-preview":"max-video-preview:-1"},"canonical":"https:\/\/clinicco.ro\/en\/satisfaction-questionnaire\/","og_locale":"en_US","og_type":"article","og_title":"Chestionar evaluare servicii medicale CLINICCO Bra\u0219ov","og_description":"Completeaz\u0103 chestionarul CLINICCO pentru a evalua serviciile medicale primite \u0219i a contribui la \u00eembun\u0103t\u0103\u021birea calit\u0103\u021bii actului medical.","og_url":"https:\/\/clinicco.ro\/en\/satisfaction-questionnaire\/","og_site_name":"Spitalul CLINICCO","article_modified_time":"2025-08-20T09:16:52+00:00","og_image":[{"width":1800,"height":945,"url":"https:\/\/clinicco.ro\/wp-content\/uploads\/2025\/04\/meta-clinicco.webp","type":"image\/webp"}],"twitter_card":"summary_large_image","twitter_misc":{"Est. reading time":"1 minute"},"schema":{"@context":"https:\/\/schema.org","@graph":[{"@type":"WebPage","@id":"https:\/\/clinicco.ro\/en\/satisfaction-questionnaire\/","url":"https:\/\/clinicco.ro\/en\/satisfaction-questionnaire\/","name":"Medical services evaluation questionnaire CLINICCO Brasov","isPartOf":{"@id":"https:\/\/clinicco.ro\/en\/#website"},"primaryImageOfPage":{"@id":"https:\/\/clinicco.ro\/en\/satisfaction-questionnaire\/#primaryimage"},"image":{"@id":"https:\/\/clinicco.ro\/en\/satisfaction-questionnaire\/#primaryimage"},"thumbnailUrl":"https:\/\/clinicco.ro\/wp-content\/uploads\/2025\/04\/meta-clinicco.webp","datePublished":"2025-04-15T21:48:31+00:00","dateModified":"2025-08-20T09:16:52+00:00","description":"Fill in the CLINICCO questionnaire to evaluate the medical services you receive and contribute to improving the quality of care.","breadcrumb":{"@id":"https:\/\/clinicco.ro\/en\/satisfaction-questionnaire\/#breadcrumb"},"inLanguage":"en-US","potentialAction":[{"@type":"ReadAction","target":["https:\/\/clinicco.ro\/en\/satisfaction-questionnaire\/"]}]},{"@type":"ImageObject","inLanguage":"en-US","@id":"https:\/\/clinicco.ro\/en\/satisfaction-questionnaire\/#primaryimage","url":"https:\/\/clinicco.ro\/wp-content\/uploads\/2025\/04\/meta-clinicco.webp","contentUrl":"https:\/\/clinicco.ro\/wp-content\/uploads\/2025\/04\/meta-clinicco.webp","width":1800,"height":945},{"@type":"BreadcrumbList","@id":"https:\/\/clinicco.ro\/en\/satisfaction-questionnaire\/#breadcrumb","itemListElement":[{"@type":"ListItem","position":1,"name":"Home","item":"https:\/\/clinicco.ro\/"},{"@type":"ListItem","position":2,"name":"Chestionar de satisfac\u021bie"}]},{"@type":"WebSite","@id":"https:\/\/clinicco.ro\/en\/#website","url":"https:\/\/clinicco.ro\/en\/","name":"CLINICCO Hospital","description":"","publisher":{"@id":"https:\/\/clinicco.ro\/en\/#organization"},"potentialAction":[{"@type":"SearchAction","target":{"@type":"EntryPoint","urlTemplate":"https:\/\/clinicco.ro\/en\/?s={search_term_string}"},"query-input":{"@type":"PropertyValueSpecification","valueRequired":true,"valueName":"search_term_string"}}],"inLanguage":"en-US"},{"@type":"Organization","@id":"https:\/\/clinicco.ro\/en\/#organization","name":"CLINICCO Hospital","url":"https:\/\/clinicco.ro\/en\/","logo":{"@type":"ImageObject","inLanguage":"en-US","@id":"https:\/\/clinicco.ro\/en\/#\/schema\/logo\/image\/","url":"https:\/\/clinicco.ro\/wp-content\/uploads\/2025\/08\/cropped-iclogo-clinicco.png","contentUrl":"https:\/\/clinicco.ro\/wp-content\/uploads\/2025\/08\/cropped-iclogo-clinicco.png","width":512,"height":512,"caption":"Spitalul CLINICCO"},"image":{"@id":"https:\/\/clinicco.ro\/en\/#\/schema\/logo\/image\/"}}]}},"acf":[],"_links":{"self":[{"href":"https:\/\/clinicco.ro\/en\/wp-json\/wp\/v2\/pages\/26833","targetHints":{"allow":["GET"]}}],"collection":[{"href":"https:\/\/clinicco.ro\/en\/wp-json\/wp\/v2\/pages"}],"about":[{"href":"https:\/\/clinicco.ro\/en\/wp-json\/wp\/v2\/types\/page"}],"author":[{"embeddable":true,"href":"https:\/\/clinicco.ro\/en\/wp-json\/wp\/v2\/users\/3"}],"replies":[{"embeddable":true,"href":"https:\/\/clinicco.ro\/en\/wp-json\/wp\/v2\/comments?post=26833"}],"version-history":[{"count":0,"href":"https:\/\/clinicco.ro\/en\/wp-json\/wp\/v2\/pages\/26833\/revisions"}],"wp:featuredmedia":[{"embeddable":true,"href":"https:\/\/clinicco.ro\/en\/wp-json\/wp\/v2\/media\/32350"}],"wp:attachment":[{"href":"https:\/\/clinicco.ro\/en\/wp-json\/wp\/v2\/media?parent=26833"}],"curies":[{"name":"wp","href":"https:\/\/api.w.org\/{rel}","templated":true}]}}