{"id":25538,"date":"2025-04-03T17:02:57","date_gmt":"2025-04-03T17:02:57","guid":{"rendered":"https:\/\/clinicco.ro\/?page_id=25538"},"modified":"2026-03-19T06:53:22","modified_gmt":"2026-03-19T06:53:22","slug":"online-programming","status":"publish","type":"page","link":"https:\/\/clinicco.ro\/en\/online-programming\/","title":{"rendered":"Online appointments"},"content":{"rendered":"<div data-elementor-type=\"wp-page\" data-elementor-id=\"25538\" class=\"elementor elementor-25538\">\n\t\t\t\t        <section class=\"elementor-section elementor-top-section elementor-element elementor-element-dd6246f elementor-section-stretched elementor-section-full_width hero-header-video careers-hero typography-h1 elementor-section-height-default elementor-section-height-default pxl-row-scroll-none pxl-zoom-point-false pxl-section-overflow-visible pxl-full-content-with-space-none\" data-id=\"dd6246f\" data-element_type=\"section\" data-settings=\"{&quot;stretch_section&quot;:&quot;section-stretched&quot;,&quot;background_background&quot;:&quot;video&quot;,&quot;background_video_start&quot;:0,&quot;background_play_on_mobile&quot;:&quot;yes&quot;}\">\n\n                            <div class=\"elementor-background-overlay\"><\/div>\n            \n                <div class=\"elementor-container elementor-column-gap-extended\">\n                <div class=\"elementor-column elementor-col-100 elementor-top-column elementor-element elementor-element-642a0b7 pxl-column-none pxl-column-overflow-hidden-no\" data-id=\"642a0b7\" data-element_type=\"column\">\r\n        <div class=\"elementor-widget-wrap elementor-element-populated\">\r\n                     \r\n                <section class=\"elementor-section elementor-inner-section elementor-element elementor-element-27caaae elementor-section-boxed elementor-section-height-default elementor-section-height-default pxl-row-scroll-none pxl-zoom-point-false pxl-section-overflow-visible\" data-id=\"27caaae\" data-element_type=\"section\">\n\n                \n                <div class=\"elementor-container elementor-column-gap-default\">\n                <div class=\"elementor-column elementor-col-100 elementor-inner-column elementor-element elementor-element-198289f pxl-column-none pxl-column-overflow-hidden-no\" data-id=\"198289f\" data-element_type=\"column\" data-settings=\"{&quot;background_background&quot;:&quot;classic&quot;}\">\r\n        <div class=\"elementor-widget-wrap elementor-element-populated\">\r\n                                <div class=\"elementor-background-overlay\"><\/div>\r\n         \r\n        \t\t<div class=\"elementor-element elementor-element-aa6a662 elementor-widget elementor-widget-pxl_heading\" data-id=\"aa6a662\" data-element_type=\"widget\" data-widget_type=\"pxl_heading.default\">\n\t\t\t\t<div class=\"elementor-widget-container\">\n\t\t\t\n<div id=\"pxl-pxl_heading-aa6a662-4692\" class=\"pxl-heading px-sub-title-default-style\">\n\t<div class=\"pxl-heading--inner\">\n\t\t\t\t\t<div class=\"pxl-item--subtitle px-sub-title-default\" data-wow-delay=\"ms\">\n\t\t\t\t<span class=\"pxl-item--subtext\">\n\t\t\t\t\t\t\t\t\t\tNOU: NEUROLOGIE GRATUIT \u00ceN CONTRACT CU CAS\t\t\t\t<\/span>\n\t\t\t<\/div>\n\t\t\n\t\t<h3 class=\"pxl-item--title style-default ft-gt highlight-default\" data-wow-delay=\"ms\">\n\t\t\t\t\t\t\tOnline appointments\t\n\t\t\t\t\n\t\t<\/h3>\n\t\t\n\t<\/div>\n<\/div>\t\t<\/div>\n\t\t\t\t<\/div>\n\t\t            <\/div>\r\n        <\/div>\r\n        \t\t\t<\/div>\n\t\t<\/section>\n\t\t            <\/div>\r\n        <\/div>\r\n        \t\t\t<\/div>\n\t\t<\/section>\n\t\t        <section class=\"elementor-section elementor-top-section elementor-element elementor-element-28eded6 elementor-section-stretched section-form elementor-section-full_width elementor-section-height-default elementor-section-height-default pxl-row-scroll-none pxl-zoom-point-false pxl-section-overflow-visible pxl-full-content-with-space-none\" data-id=\"28eded6\" data-element_type=\"section\" data-settings=\"{&quot;stretch_section&quot;:&quot;section-stretched&quot;}\">\n\n                \n                <div class=\"elementor-container elementor-column-gap-extended\">\n                <div class=\"elementor-column elementor-col-100 elementor-top-column elementor-element elementor-element-e030632 pxl-column-none pxl-column-overflow-hidden-no\" data-id=\"e030632\" data-element_type=\"column\">\r\n        <div class=\"elementor-widget-wrap elementor-element-populated\">\r\n                     \r\n                <section class=\"elementor-section elementor-inner-section elementor-element elementor-element-7d5cf96 elementor-section-full_width elementor-section-height-default elementor-section-height-default pxl-row-scroll-none pxl-zoom-point-false pxl-section-overflow-visible pxl-full-content-with-space-none\" data-id=\"7d5cf96\" data-element_type=\"section\" data-settings=\"{&quot;background_background&quot;:&quot;classic&quot;}\">\n\n                \n                <div class=\"elementor-container elementor-column-gap-extended\">\n                <div class=\"elementor-column elementor-col-100 elementor-inner-column elementor-element elementor-element-b11942f pxl-column-none pxl-column-overflow-hidden-no\" data-id=\"b11942f\" data-element_type=\"column\">\r\n        <div class=\"elementor-widget-wrap elementor-element-populated\">\r\n                     \r\n        \t\t<div class=\"elementor-element elementor-element-454f767 elementor-widget elementor-widget-html\" data-id=\"454f767\" data-element_type=\"widget\" data-widget_type=\"html.default\">\n\t\t\t\t<div class=\"elementor-widget-container\">\n\t\t\t<iframe src=\"https:\/\/portalicco.atlasmed.ro:4433\/ATLASmedPortal\/ProgramariOnline.aspx\" width=\"100%\" height=\"1000\" frameborder=\"0\" allowfullscreen=\"allowfullscreen\"><\/iframe>\t\t<\/div>\n\t\t\t\t<\/div>\n\t\t            <\/div>\r\n        <\/div>\r\n        \t\t\t<\/div>\n\t\t<\/section>\n\t\t        <section class=\"elementor-section elementor-inner-section elementor-element elementor-element-6790b20 elementor-section-full_width elementor-hidden-desktop elementor-hidden-laptop elementor-hidden-tablet_extra elementor-hidden-tablet elementor-hidden-mobile elementor-section-height-default elementor-section-height-default pxl-row-scroll-none pxl-zoom-point-false pxl-section-overflow-visible pxl-full-content-with-space-none\" data-id=\"6790b20\" data-element_type=\"section\" data-settings=\"{&quot;background_background&quot;:&quot;classic&quot;}\">\n\n                \n                <div class=\"elementor-container elementor-column-gap-extended\">\n                <div class=\"elementor-column elementor-col-50 elementor-inner-column elementor-element elementor-element-f11fa1b client-support-left-column pxl-column-none pxl-column-overflow-hidden-no\" data-id=\"f11fa1b\" data-element_type=\"column\">\r\n        <div class=\"elementor-widget-wrap elementor-element-populated\">\r\n                     \r\n        \t\t<div class=\"elementor-element elementor-element-02aaf12 elementor-widget elementor-widget-pxl_image\" data-id=\"02aaf12\" data-element_type=\"widget\" data-widget_type=\"pxl_image.default\">\n\t\t\t\t<div class=\"elementor-widget-container\">\n\t\t\t<div id=\"pxl_image-02aaf12-3981\" class=\"pxl-image-single df pxl-disable-parallax-sm pxl-hide-sr-lg\" data-wow-delay=\"ms\"  >\r\n    <div class=\"pxl-item--inner\" data-wow-delay=\"120ms\">\r\n        \r\n                    <div class=\"pxl-item--image df\" data-parallax-value=\"\">\r\n                                <img fetchpriority=\"high\" decoding=\"async\" width=\"705\" height=\"752\" src=\"https:\/\/clinicco.ro\/wp-content\/uploads\/2025\/04\/Subtract-9.png\" class=\"no-lazyload attachment-full\" alt=\"\" \/>                                            <\/div>\r\n                \r\n    <\/div>\r\n<\/div>\t\t<\/div>\n\t\t\t\t<\/div>\n\t\t\t\t<div class=\"elementor-element elementor-element-e82cc03 base-icon-box elementor-widget elementor-widget-pxl_icon_box\" data-id=\"e82cc03\" data-element_type=\"widget\" data-widget_type=\"pxl_icon_box.default\">\n\t\t\t\t<div class=\"elementor-widget-container\">\n\t\t\t<div class=\"pxl-icon-box pxl-icon-box1 style-1 ani1\" data-wow-delay=\"ms\">\r\n    <div class=\"pxl-item--inner\">\r\n        \r\n                            <div class=\"pxl-item--icon\">\r\n                                    <svg xmlns=\"http:\/\/www.w3.org\/2000\/svg\" width=\"62\" height=\"62\" viewbox=\"0 0 62 62\" fill=\"none\"><rect width=\"62\" height=\"62\" rx=\"31\" fill=\"#00BDB5\"><\/rect><path d=\"M19.3333 17.6666H26L29.3333 26L25.1667 28.5C26.9516 32.1192 29.8808 35.0484 33.5 36.8333L36 32.6666L44.3333 36V42.6666C44.3333 43.5507 43.9821 44.3985 43.357 45.0236C42.7319 45.6488 41.8841 46 41 46C34.4988 45.6049 28.3669 42.8441 23.7614 38.2386C19.1558 33.633 16.3951 27.5012 16 21C16 20.1159 16.3512 19.2681 16.9763 18.6429C17.6014 18.0178 18.4493 17.6666 19.3333 17.6666Z\" stroke=\"white\" stroke-width=\"1.5\" stroke-linecap=\"round\" stroke-linejoin=\"round\"><\/path><\/svg>                                <\/div>\r\n                        <div class=\"pxl-item--meta\">\r\n            <h5 class=\"pxl-item--title el-empty\">\r\n                             <a >\r\n                        0268 445 544                             <\/a>\r\n                        <\/h5>\r\n            <div class=\"pxl-item--description el-empty\">You can call us Monday to Friday, between 08:30 - 18:30, at the following telephone number:<\/div>\r\n        <\/div>\r\n    <\/div>\r\n<\/div>\t\t<\/div>\n\t\t\t\t<\/div>\n\t\t\t\t<div class=\"elementor-element elementor-element-591c456 text-left-bottom typography-body1 text-mediumgray  elementor-widget elementor-widget-pxl_text_editor\" data-id=\"591c456\" data-element_type=\"widget\" data-widget_type=\"pxl_text_editor.default\">\n\t\t\t\t<div class=\"elementor-widget-container\">\n\t\t\t<div class=\"pxl-text-editor\">\n\t<div class=\"pxl-item--inner\" data-wow-delay=\"ms\">\n\t\t<div class=\"request-email\"><p>Or you can e-mail us at:<br \/><a href=\"mailto:office@clinicco.ro\">office@clinicco.ro<\/a><\/p><\/div>\t\t\n\t<\/div>\n<\/div>\t\t<\/div>\n\t\t\t\t<\/div>\n\t\t            <\/div>\r\n        <\/div>\r\n                <div class=\"elementor-column elementor-col-50 elementor-inner-column elementor-element elementor-element-f6e8ca8 client-support-right-column pxl-column-none pxl-column-overflow-hidden-no\" data-id=\"f6e8ca8\" data-element_type=\"column\">\r\n        <div class=\"elementor-widget-wrap elementor-element-populated\">\r\n                     \r\n        \t\t<div class=\"elementor-element elementor-element-d29a1cf text-orange elementor-widget elementor-widget-pxl_heading\" data-id=\"d29a1cf\" data-element_type=\"widget\" data-widget_type=\"pxl_heading.default\">\n\t\t\t\t<div class=\"elementor-widget-container\">\n\t\t\t\n<div id=\"pxl-pxl_heading-d29a1cf-6540\" class=\"pxl-heading px-sub-title-default-style\">\n\t<div class=\"pxl-heading--inner\">\n\t\t\n\t\t<h3 class=\"pxl-item--title style-default  highlight-default\" data-wow-delay=\"ms\">\n\t\t\t\t\t\t\tOnline Programming\t\n\t\t\t\t\n\t\t<\/h3>\n\t\t\n\t<\/div>\n<\/div>\t\t<\/div>\n\t\t\t\t<\/div>\n\t\t\t\t<div class=\"elementor-element elementor-element-00a0ca4 elementor-widget elementor-widget-shortcode\" data-id=\"00a0ca4\" data-element_type=\"widget\" data-widget_type=\"shortcode.default\">\n\t\t\t\t<div class=\"elementor-widget-container\">\n\t\t\t\t\t<div class=\"elementor-shortcode\"><p class=\"wpcf7-contact-form-not-found\"><strong>Error:<\/strong> Contact form not found.<\/p><\/div>\n\t\t\t\t<\/div>\n\t\t\t\t<\/div>\n\t\t            <\/div>\r\n        <\/div>\r\n        \t\t\t<\/div>\n\t\t<\/section>\n\t\t            <\/div>\r\n        <\/div>\r\n        \t\t\t<\/div>\n\t\t<\/section>\n\t\t\t\t<\/div>","protected":false},"excerpt":{"rendered":"<p>NOU: NEUROLOGIE GRATUIT \u00ceN CONTRACT CU CAS Program\u0103ri online 0268 445 544 Ne pute\u021bi apela de luni p\u00e2n\u0103 vineri, \u00eentre orele 08:30 \u2013 18:30, la num\u0103rul de telefon: Sau ne pute\u021bi trimite un e-mail la:office@clinicco.ro Programare Online<\/p>","protected":false},"author":4,"featured_media":32350,"parent":0,"menu_order":0,"comment_status":"closed","ping_status":"closed","template":"","meta":{"_acf_changed":false,"footnotes":""},"class_list":["post-25538","page","type-page","status-publish","has-post-thumbnail","hentry"],"yoast_head":"<!-- This site is optimized with the Yoast SEO plugin v24.1 - https:\/\/yoast.com\/wordpress\/plugins\/seo\/ -->\n<title>Program\u0103ri medicale online Clinicco Bra\u0219ov | Solicit\u0103 o consulta\u021bie<\/title>\n<meta name=\"description\" content=\"Program\u0103rile medicale se pot solicita online, complet\u00e2nd formularul Clinicco. Alege\u021bi medicul \u0219i data, iar noi revenim cu confirmarea.\" \/>\n<meta name=\"robots\" content=\"index, follow, max-snippet:-1, max-image-preview:large, max-video-preview:-1\" \/>\n<link rel=\"canonical\" href=\"https:\/\/clinicco.ro\/en\/online-programming\/\" \/>\n<meta property=\"og:locale\" content=\"en_US\" \/>\n<meta property=\"og:type\" content=\"article\" \/>\n<meta property=\"og:title\" content=\"Program\u0103ri medicale online Clinicco Bra\u0219ov | Solicit\u0103 o consulta\u021bie\" \/>\n<meta property=\"og:description\" content=\"Program\u0103rile medicale se pot solicita online, complet\u00e2nd formularul Clinicco. Alege\u021bi medicul \u0219i data, iar noi revenim cu confirmarea.\" \/>\n<meta property=\"og:url\" content=\"https:\/\/clinicco.ro\/en\/online-programming\/\" \/>\n<meta property=\"og:site_name\" content=\"Spitalul CLINICCO\" \/>\n<meta property=\"article:modified_time\" content=\"2026-03-19T06:53:22+00:00\" \/>\n<meta property=\"og:image\" content=\"https:\/\/clinicco.ro\/wp-content\/uploads\/2025\/04\/meta-clinicco.webp\" \/>\n\t<meta property=\"og:image:width\" content=\"1800\" \/>\n\t<meta property=\"og:image:height\" content=\"945\" \/>\n\t<meta property=\"og:image:type\" content=\"image\/webp\" \/>\n<meta name=\"twitter:card\" content=\"summary_large_image\" \/>\n<meta name=\"twitter:label1\" content=\"Est. reading time\" \/>\n\t<meta name=\"twitter:data1\" content=\"1 minute\" \/>\n<script type=\"application\/ld+json\" class=\"yoast-schema-graph\">{\"@context\":\"https:\/\/schema.org\",\"@graph\":[{\"@type\":\"WebPage\",\"@id\":\"https:\/\/clinicco.ro\/en\/online-programming\/\",\"url\":\"https:\/\/clinicco.ro\/en\/online-programming\/\",\"name\":\"Program\u0103ri medicale online Clinicco Bra\u0219ov | Solicit\u0103 o consulta\u021bie\",\"isPartOf\":{\"@id\":\"https:\/\/clinicco.ro\/en\/#website\"},\"primaryImageOfPage\":{\"@id\":\"https:\/\/clinicco.ro\/en\/online-programming\/#primaryimage\"},\"image\":{\"@id\":\"https:\/\/clinicco.ro\/en\/online-programming\/#primaryimage\"},\"thumbnailUrl\":\"https:\/\/clinicco.ro\/wp-content\/uploads\/2025\/04\/meta-clinicco.webp\",\"datePublished\":\"2025-04-03T17:02:57+00:00\",\"dateModified\":\"2026-03-19T06:53:22+00:00\",\"description\":\"Program\u0103rile medicale se pot solicita online, complet\u00e2nd formularul Clinicco. Alege\u021bi medicul \u0219i data, iar noi revenim cu confirmarea.\",\"breadcrumb\":{\"@id\":\"https:\/\/clinicco.ro\/en\/online-programming\/#breadcrumb\"},\"inLanguage\":\"en-US\",\"potentialAction\":[{\"@type\":\"ReadAction\",\"target\":[\"https:\/\/clinicco.ro\/en\/online-programming\/\"]}]},{\"@type\":\"ImageObject\",\"inLanguage\":\"en-US\",\"@id\":\"https:\/\/clinicco.ro\/en\/online-programming\/#primaryimage\",\"url\":\"https:\/\/clinicco.ro\/wp-content\/uploads\/2025\/04\/meta-clinicco.webp\",\"contentUrl\":\"https:\/\/clinicco.ro\/wp-content\/uploads\/2025\/04\/meta-clinicco.webp\",\"width\":1800,\"height\":945},{\"@type\":\"BreadcrumbList\",\"@id\":\"https:\/\/clinicco.ro\/en\/online-programming\/#breadcrumb\",\"itemListElement\":[{\"@type\":\"ListItem\",\"position\":1,\"name\":\"Home\",\"item\":\"https:\/\/clinicco.ro\/\"},{\"@type\":\"ListItem\",\"position\":2,\"name\":\"Program\u0103ri online\"}]},{\"@type\":\"WebSite\",\"@id\":\"https:\/\/clinicco.ro\/en\/#website\",\"url\":\"https:\/\/clinicco.ro\/en\/\",\"name\":\"Spitalul CLINICCO\",\"description\":\"\",\"publisher\":{\"@id\":\"https:\/\/clinicco.ro\/en\/#organization\"},\"potentialAction\":[{\"@type\":\"SearchAction\",\"target\":{\"@type\":\"EntryPoint\",\"urlTemplate\":\"https:\/\/clinicco.ro\/en\/?s={search_term_string}\"},\"query-input\":{\"@type\":\"PropertyValueSpecification\",\"valueRequired\":true,\"valueName\":\"search_term_string\"}}],\"inLanguage\":\"en-US\"},{\"@type\":\"Organization\",\"@id\":\"https:\/\/clinicco.ro\/en\/#organization\",\"name\":\"Spitalul CLINICCO\",\"url\":\"https:\/\/clinicco.ro\/en\/\",\"logo\":{\"@type\":\"ImageObject\",\"inLanguage\":\"en-US\",\"@id\":\"https:\/\/clinicco.ro\/en\/#\/schema\/logo\/image\/\",\"url\":\"https:\/\/clinicco.ro\/wp-content\/uploads\/2025\/08\/cropped-iclogo-clinicco.png\",\"contentUrl\":\"https:\/\/clinicco.ro\/wp-content\/uploads\/2025\/08\/cropped-iclogo-clinicco.png\",\"width\":512,\"height\":512,\"caption\":\"Spitalul CLINICCO\"},\"image\":{\"@id\":\"https:\/\/clinicco.ro\/en\/#\/schema\/logo\/image\/\"}}]}<\/script>\n<!-- \/ Yoast SEO plugin. -->","yoast_head_json":{"title":"Online medical appointments Clinicco Brasov | Request a consultation","description":"Medical appointments can be requested online by filling out the Clinicco form. Choose your doctor and date and we will get back to you with confirmation.","robots":{"index":"index","follow":"follow","max-snippet":"max-snippet:-1","max-image-preview":"max-image-preview:large","max-video-preview":"max-video-preview:-1"},"canonical":"https:\/\/clinicco.ro\/en\/online-programming\/","og_locale":"en_US","og_type":"article","og_title":"Program\u0103ri medicale online Clinicco Bra\u0219ov | Solicit\u0103 o consulta\u021bie","og_description":"Program\u0103rile medicale se pot solicita online, complet\u00e2nd formularul Clinicco. Alege\u021bi medicul \u0219i data, iar noi revenim cu confirmarea.","og_url":"https:\/\/clinicco.ro\/en\/online-programming\/","og_site_name":"Spitalul CLINICCO","article_modified_time":"2026-03-19T06:53:22+00:00","og_image":[{"width":1800,"height":945,"url":"https:\/\/clinicco.ro\/wp-content\/uploads\/2025\/04\/meta-clinicco.webp","type":"image\/webp"}],"twitter_card":"summary_large_image","twitter_misc":{"Est. reading time":"1 minute"},"schema":{"@context":"https:\/\/schema.org","@graph":[{"@type":"WebPage","@id":"https:\/\/clinicco.ro\/en\/online-programming\/","url":"https:\/\/clinicco.ro\/en\/online-programming\/","name":"Online medical appointments Clinicco Brasov | Request a consultation","isPartOf":{"@id":"https:\/\/clinicco.ro\/en\/#website"},"primaryImageOfPage":{"@id":"https:\/\/clinicco.ro\/en\/online-programming\/#primaryimage"},"image":{"@id":"https:\/\/clinicco.ro\/en\/online-programming\/#primaryimage"},"thumbnailUrl":"https:\/\/clinicco.ro\/wp-content\/uploads\/2025\/04\/meta-clinicco.webp","datePublished":"2025-04-03T17:02:57+00:00","dateModified":"2026-03-19T06:53:22+00:00","description":"Medical appointments can be requested online by filling out the Clinicco form. Choose your doctor and date and we will get back to you with confirmation.","breadcrumb":{"@id":"https:\/\/clinicco.ro\/en\/online-programming\/#breadcrumb"},"inLanguage":"en-US","potentialAction":[{"@type":"ReadAction","target":["https:\/\/clinicco.ro\/en\/online-programming\/"]}]},{"@type":"ImageObject","inLanguage":"en-US","@id":"https:\/\/clinicco.ro\/en\/online-programming\/#primaryimage","url":"https:\/\/clinicco.ro\/wp-content\/uploads\/2025\/04\/meta-clinicco.webp","contentUrl":"https:\/\/clinicco.ro\/wp-content\/uploads\/2025\/04\/meta-clinicco.webp","width":1800,"height":945},{"@type":"BreadcrumbList","@id":"https:\/\/clinicco.ro\/en\/online-programming\/#breadcrumb","itemListElement":[{"@type":"ListItem","position":1,"name":"Home","item":"https:\/\/clinicco.ro\/"},{"@type":"ListItem","position":2,"name":"Program\u0103ri online"}]},{"@type":"WebSite","@id":"https:\/\/clinicco.ro\/en\/#website","url":"https:\/\/clinicco.ro\/en\/","name":"CLINICCO Hospital","description":"","publisher":{"@id":"https:\/\/clinicco.ro\/en\/#organization"},"potentialAction":[{"@type":"SearchAction","target":{"@type":"EntryPoint","urlTemplate":"https:\/\/clinicco.ro\/en\/?s={search_term_string}"},"query-input":{"@type":"PropertyValueSpecification","valueRequired":true,"valueName":"search_term_string"}}],"inLanguage":"en-US"},{"@type":"Organization","@id":"https:\/\/clinicco.ro\/en\/#organization","name":"CLINICCO Hospital","url":"https:\/\/clinicco.ro\/en\/","logo":{"@type":"ImageObject","inLanguage":"en-US","@id":"https:\/\/clinicco.ro\/en\/#\/schema\/logo\/image\/","url":"https:\/\/clinicco.ro\/wp-content\/uploads\/2025\/08\/cropped-iclogo-clinicco.png","contentUrl":"https:\/\/clinicco.ro\/wp-content\/uploads\/2025\/08\/cropped-iclogo-clinicco.png","width":512,"height":512,"caption":"Spitalul CLINICCO"},"image":{"@id":"https:\/\/clinicco.ro\/en\/#\/schema\/logo\/image\/"}}]}},"acf":[],"_links":{"self":[{"href":"https:\/\/clinicco.ro\/en\/wp-json\/wp\/v2\/pages\/25538","targetHints":{"allow":["GET"]}}],"collection":[{"href":"https:\/\/clinicco.ro\/en\/wp-json\/wp\/v2\/pages"}],"about":[{"href":"https:\/\/clinicco.ro\/en\/wp-json\/wp\/v2\/types\/page"}],"author":[{"embeddable":true,"href":"https:\/\/clinicco.ro\/en\/wp-json\/wp\/v2\/users\/4"}],"replies":[{"embeddable":true,"href":"https:\/\/clinicco.ro\/en\/wp-json\/wp\/v2\/comments?post=25538"}],"version-history":[{"count":0,"href":"https:\/\/clinicco.ro\/en\/wp-json\/wp\/v2\/pages\/25538\/revisions"}],"wp:featuredmedia":[{"embeddable":true,"href":"https:\/\/clinicco.ro\/en\/wp-json\/wp\/v2\/media\/32350"}],"wp:attachment":[{"href":"https:\/\/clinicco.ro\/en\/wp-json\/wp\/v2\/media?parent=25538"}],"curies":[{"name":"wp","href":"https:\/\/api.w.org\/{rel}","templated":true}]}}