{"id":23128,"date":"2025-02-25T12:42:39","date_gmt":"2025-02-25T12:42:39","guid":{"rendered":"https:\/\/clinicco.ro\/?page_id=23128"},"modified":"2026-04-20T07:57:42","modified_gmt":"2026-04-20T07:57:42","slug":"careers","status":"publish","type":"page","link":"https:\/\/clinicco.ro\/en\/careers\/","title":{"rendered":"Careers"},"content":{"rendered":"<div data-elementor-type=\"wp-page\" data-elementor-id=\"23128\" class=\"elementor elementor-23128\">\n\t\t\t\t        <section class=\"elementor-section elementor-top-section elementor-element elementor-element-dd6246f elementor-section-stretched elementor-section-full_width hero-header-video careers-hero typography-h1 elementor-section-height-default elementor-section-height-default pxl-row-scroll-none pxl-zoom-point-false pxl-section-overflow-visible pxl-full-content-with-space-none\" data-id=\"dd6246f\" data-element_type=\"section\" data-settings=\"{&quot;stretch_section&quot;:&quot;section-stretched&quot;,&quot;background_background&quot;:&quot;video&quot;,&quot;background_video_start&quot;:0,&quot;background_play_on_mobile&quot;:&quot;yes&quot;}\">\n\n                            <div class=\"elementor-background-overlay\"><\/div>\n            \n                <div class=\"elementor-container elementor-column-gap-extended\">\n                <div class=\"elementor-column elementor-col-100 elementor-top-column elementor-element elementor-element-642a0b7 pxl-column-none pxl-column-overflow-hidden-no\" data-id=\"642a0b7\" data-element_type=\"column\">\r\n        <div class=\"elementor-widget-wrap elementor-element-populated\">\r\n                     \r\n                <section class=\"elementor-section elementor-inner-section elementor-element elementor-element-27caaae elementor-section-boxed elementor-section-height-default elementor-section-height-default pxl-row-scroll-none pxl-zoom-point-false pxl-section-overflow-visible\" data-id=\"27caaae\" data-element_type=\"section\">\n\n                \n                <div class=\"elementor-container elementor-column-gap-default\">\n                <div class=\"elementor-column elementor-col-100 elementor-inner-column elementor-element elementor-element-198289f pxl-column-none pxl-column-overflow-hidden-no\" data-id=\"198289f\" data-element_type=\"column\" data-settings=\"{&quot;background_background&quot;:&quot;classic&quot;}\">\r\n        <div class=\"elementor-widget-wrap elementor-element-populated\">\r\n                                <div class=\"elementor-background-overlay\"><\/div>\r\n         \r\n        \t\t<div class=\"elementor-element elementor-element-aa6a662 elementor-widget elementor-widget-pxl_heading\" data-id=\"aa6a662\" data-element_type=\"widget\" data-widget_type=\"pxl_heading.default\">\n\t\t\t\t<div class=\"elementor-widget-container\">\n\t\t\t\n<div id=\"pxl-pxl_heading-aa6a662-1937\" class=\"pxl-heading px-sub-title-default-style\">\n\t<div class=\"pxl-heading--inner\">\n\t\t\n\t\t<h3 class=\"pxl-item--title style-default ft-gt highlight-default\" data-wow-delay=\"ms\">\n\t\t\t\t\t\t\tCareers\t\n\t\t\t\t\n\t\t<\/h3>\n\t\t\n\t<\/div>\n<\/div>\t\t<\/div>\n\t\t\t\t<\/div>\n\t\t            <\/div>\r\n        <\/div>\r\n        \t\t\t<\/div>\n\t\t<\/section>\n\t\t            <\/div>\r\n        <\/div>\r\n        \t\t\t<\/div>\n\t\t<\/section>\n\t\t        <section class=\"elementor-section elementor-top-section elementor-element elementor-element-28eded6 elementor-section-stretched careers-form elementor-section-full_width elementor-section-height-default elementor-section-height-default pxl-row-scroll-none pxl-zoom-point-false pxl-section-overflow-visible pxl-full-content-with-space-none\" data-id=\"28eded6\" data-element_type=\"section\" data-settings=\"{&quot;stretch_section&quot;:&quot;section-stretched&quot;}\">\n\n                \n                <div class=\"elementor-container elementor-column-gap-extended\">\n                <div class=\"elementor-column elementor-col-100 elementor-top-column elementor-element elementor-element-e030632 pxl-column-none pxl-column-overflow-hidden-no\" data-id=\"e030632\" data-element_type=\"column\">\r\n        <div class=\"elementor-widget-wrap elementor-element-populated\">\r\n                     \r\n                <section class=\"elementor-section elementor-inner-section elementor-element elementor-element-7d5cf96 elementor-section-full_width elementor-section-height-default elementor-section-height-default pxl-row-scroll-none pxl-zoom-point-false pxl-section-overflow-visible pxl-full-content-with-space-none\" data-id=\"7d5cf96\" data-element_type=\"section\" data-settings=\"{&quot;background_background&quot;:&quot;classic&quot;}\">\n\n                \n                <div class=\"elementor-container elementor-column-gap-extended\">\n                <div class=\"elementor-column elementor-col-50 elementor-inner-column elementor-element elementor-element-09d8164 pxl-column-none pxl-column-overflow-hidden-no\" data-id=\"09d8164\" data-element_type=\"column\">\r\n        <div class=\"elementor-widget-wrap elementor-element-populated\">\r\n                     \r\n        \t\t<div class=\"elementor-element elementor-element-917f4fa typography-tag elementor-widget elementor-widget-pxl_text_editor\" data-id=\"917f4fa\" data-element_type=\"widget\" data-widget_type=\"pxl_text_editor.default\">\n\t\t\t\t<div class=\"elementor-widget-container\">\n\t\t\t<div class=\"pxl-text-editor\">\n\t<div class=\"pxl-item--inner\" data-wow-delay=\"ms\">\n\t\t<p>CAREERS<\/p>\t\t\n\t<\/div>\n<\/div>\t\t<\/div>\n\t\t\t\t<\/div>\n\t\t\t\t<div class=\"elementor-element elementor-element-5d7a478 typography-h2 elementor-widget elementor-widget-pxl_heading\" data-id=\"5d7a478\" data-element_type=\"widget\" data-widget_type=\"pxl_heading.default\">\n\t\t\t\t<div class=\"elementor-widget-container\">\n\t\t\t\n<div id=\"pxl-pxl_heading-5d7a478-2209\" class=\"pxl-heading px-sub-title-default-style\">\n\t<div class=\"pxl-heading--inner\">\n\t\t\n\t\t<h3 class=\"pxl-item--title style-default  highlight-default\" data-wow-delay=\"ms\">\n\t\t\t\t\t\t\tCareer opportunities \n<\/br>\nJoin the CLINICCO team.\t\n\t\t\t\t\n\t\t<\/h3>\n\t\t\n\t<\/div>\n<\/div>\t\t<\/div>\n\t\t\t\t<\/div>\n\t\t\t\t<div class=\"elementor-element elementor-element-965a36b typography-body1 text-lightgray elementor-widget elementor-widget-pxl_text_editor\" data-id=\"965a36b\" data-element_type=\"widget\" data-widget_type=\"pxl_text_editor.default\">\n\t\t\t\t<div class=\"elementor-widget-container\">\n\t\t\t<div class=\"pxl-text-editor\">\n\t<div class=\"pxl-item--inner\" data-wow-delay=\"ms\">\n\t\t<p data-start=\"89\" data-end=\"317\">We are looking for dedicated professionals who want to contribute to quality care and a better patient experience. At Clinicco you will find a modern, collaborative and excellence-oriented environment.<\/p><p data-start=\"89\" data-end=\"317\">If you would like to join our team, please send us your CV and a covering letter with the position you are interested in.<\/p>\t\t\n\t<\/div>\n<\/div>\t\t<\/div>\n\t\t\t\t<\/div>\n\t\t            <\/div>\r\n        <\/div>\r\n                <div class=\"elementor-column elementor-col-50 elementor-inner-column elementor-element elementor-element-628ce5f pxl-column-none pxl-column-overflow-hidden-no\" data-id=\"628ce5f\" data-element_type=\"column\">\r\n        <div class=\"elementor-widget-wrap elementor-element-populated\">\r\n                     \r\n        \t\t<div class=\"elementor-element elementor-element-81e6d4a typography-h3 elementor-widget elementor-widget-pxl_heading\" data-id=\"81e6d4a\" data-element_type=\"widget\" data-widget_type=\"pxl_heading.default\">\n\t\t\t\t<div class=\"elementor-widget-container\">\n\t\t\t\n<div id=\"pxl-pxl_heading-81e6d4a-5845\" class=\"pxl-heading px-sub-title-default-style\">\n\t<div class=\"pxl-heading--inner\">\n\t\t\n\t\t<h4 class=\"pxl-item--title style-default  highlight-default\" data-wow-delay=\"ms\">\n\t\t\t\t\t\t\tSend us your application\t\n\t\t\t\t\n\t\t<\/h4>\n\t\t\n\t<\/div>\n<\/div>\t\t<\/div>\n\t\t\t\t<\/div>\n\t\t\t\t<div class=\"elementor-element elementor-element-71707a4 elementor-widget elementor-widget-shortcode\" data-id=\"71707a4\" data-element_type=\"widget\" data-widget_type=\"shortcode.default\">\n\t\t\t\t<div class=\"elementor-widget-container\">\n\t\t\t\t\t<div class=\"elementor-shortcode\"><p class=\"wpcf7-contact-form-not-found\"><strong>Error:<\/strong> Contact form not found.<\/p><\/div>\n\t\t\t\t<\/div>\n\t\t\t\t<\/div>\n\t\t            <\/div>\r\n        <\/div>\r\n        \t\t\t<\/div>\n\t\t<\/section>\n\t\t            <\/div>\r\n        <\/div>\r\n        \t\t\t<\/div>\n\t\t<\/section>\n\t\t        <section class=\"elementor-section elementor-top-section elementor-element elementor-element-2461220 section-jobs-list--title light elementor-section-full_width elementor-section-stretched elementor-section-height-default elementor-section-height-default pxl-row-scroll-none pxl-zoom-point-false pxl-section-overflow-visible pxl-full-content-with-space-none\" data-id=\"2461220\" data-element_type=\"section\" data-settings=\"{&quot;stretch_section&quot;:&quot;section-stretched&quot;}\">\n\n                \n                <div class=\"elementor-container elementor-column-gap-default\">\n                <div class=\"elementor-column elementor-col-100 elementor-top-column elementor-element elementor-element-c7e499d pxl-column-none pxl-column-overflow-hidden-no\" data-id=\"c7e499d\" data-element_type=\"column\">\r\n        <div class=\"elementor-widget-wrap elementor-element-populated\">\r\n                     \r\n        \t\t<div class=\"elementor-element elementor-element-1b877ab ft-gt typography-tag typography-h2 elementor-widget elementor-widget-pxl_heading\" data-id=\"1b877ab\" data-element_type=\"widget\" data-widget_type=\"pxl_heading.default\">\n\t\t\t\t<div class=\"elementor-widget-container\">\n\t\t\t\n<div id=\"pxl-pxl_heading-1b877ab-6627\" class=\"pxl-heading px-sub-title-default-style\">\n\t<div class=\"pxl-heading--inner\">\n\t\t\t\t\t<div class=\"pxl-item--subtitle px-sub-title-default\" data-wow-delay=\"ms\">\n\t\t\t\t<span class=\"pxl-item--subtext\">\n\t\t\t\t\t\t\t\t\t\tJOBS\t\t\t\t<\/span>\n\t\t\t<\/div>\n\t\t\n\t\t<h3 class=\"pxl-item--title style-default  highlight-default pxl-split-text split-in-fade\" data-wow-delay=\"ms\">\n\t\t\t\t\t\t\tAvailable Roles\t\n\t\t\t\t\n\t\t<\/h3>\n\t\t\n\t<\/div>\n<\/div>\t\t<\/div>\n\t\t\t\t<\/div>\n\t\t            <\/div>\r\n        <\/div>\r\n        \t\t\t<\/div>\n\t\t<\/section>\n\t\t        <section class=\"elementor-section elementor-top-section elementor-element elementor-element-b9b4b6a section-jobs-list light elementor-section-full_width elementor-section-stretched elementor-section-height-default elementor-section-height-default pxl-row-scroll-none pxl-zoom-point-false pxl-section-overflow-visible pxl-full-content-with-space-none\" data-id=\"b9b4b6a\" data-element_type=\"section\" data-settings=\"{&quot;stretch_section&quot;:&quot;section-stretched&quot;}\">\n\n                \n                <div class=\"elementor-container elementor-column-gap-default\">\n                <div class=\"elementor-column elementor-col-100 elementor-top-column elementor-element elementor-element-f7d5ec9 pxl-column-none pxl-column-overflow-hidden-no\" data-id=\"f7d5ec9\" data-element_type=\"column\">\r\n        <div class=\"elementor-widget-wrap elementor-element-populated\">\r\n                     \r\n        \t\t<div class=\"elementor-element elementor-element-f6a3341 elementor-widget elementor-widget-shortcode\" data-id=\"f6a3341\" data-element_type=\"widget\" data-widget_type=\"shortcode.default\">\n\t\t\t\t<div class=\"elementor-widget-container\">\n\t\t\t\t\t<div class=\"elementor-shortcode\"><div class=\"job_listings\" data-location=\"\" data-keywords=\"\" data-show_filters=\"false\" data-show_pagination=\"false\" data-per_page=\"10\" data-orderby=\"featured\" data-order=\"DESC\" data-categories=\"\" data-disable-form-state-storage=\"\" data-featured_first=\"false\" data-post_id=\"26421\" ><ul class=\"job_listings\">\n<li class=\"post-31208 job_listing type-job_listing status-publish hentry job-type-full-time\" data-longitude=\"\" data-latitude=\"\">\n\t<a href=\"https:\/\/clinicco.ro\/en\/job\/medical-registrar\/\">\n\t\t<img decoding=\"async\" class=\"company_logo\" src=\"https:\/\/clinicco.ro\/wp-content\/plugins\/wp-job-manager\/assets\/images\/company.png\" alt=\"\" \/>\t\t<div class=\"position\">\n\t\t\t<h3>Medical registrar<\/h3>\n\t\t\t<div class=\"company\">\n\t\t\t\t\t\t\t\t\t\t\t<\/div>\n\t\t<\/div>\n\t\t<div class=\"location\">\n\t\t\t8 School Street, Brasov\t\t<\/div>\n\t\t<ul class=\"meta\">\n\t\t\t\n\t\t\t\t\t\t\t\t\t\t\t\t\t\t\t\t<li class=\"job-type full-time\">Full Time<\/li>\n\t\t\t\t\t\t\t\n\t\t\t<li class=\"date\"><time datetime=\"2025-07-21\">Posted 9 months ago<\/time><\/li>\n\n\t\t\t\t\t<\/ul>\n\t<\/a>\n<\/li>\n<li class=\"post-31189 job_listing type-job_listing status-publish hentry job-type-full-time\" data-longitude=\"\" data-latitude=\"\">\n\t<a href=\"https:\/\/clinicco.ro\/en\/job\/primary-specialist\/\">\n\t\t<img decoding=\"async\" class=\"company_logo\" src=\"https:\/\/clinicco.ro\/wp-content\/plugins\/wp-job-manager\/assets\/images\/company.png\" alt=\"\" \/>\t\t<div class=\"position\">\n\t\t\t<h3>Specialist \/ Primary doctor<\/h3>\n\t\t\t<div class=\"company\">\n\t\t\t\t\t\t\t\t\t\t\t<\/div>\n\t\t<\/div>\n\t\t<div class=\"location\">\n\t\t\t8 School Street, Brasov\t\t<\/div>\n\t\t<ul class=\"meta\">\n\t\t\t\n\t\t\t\t\t\t\t\t\t\t\t\t\t\t\t\t<li class=\"job-type full-time\">Full Time<\/li>\n\t\t\t\t\t\t\t\n\t\t\t<li class=\"date\"><time datetime=\"2025-07-21\">Posted 9 months ago<\/time><\/li>\n\n\t\t\t\t\t<\/ul>\n\t<\/a>\n<\/li>\n<li class=\"post-31190 job_listing type-job_listing status-publish hentry job-type-full-time\" data-longitude=\"\" data-latitude=\"\">\n\t<a href=\"https:\/\/clinicco.ro\/en\/job\/general-nurse\/\">\n\t\t<img decoding=\"async\" class=\"company_logo\" src=\"https:\/\/clinicco.ro\/wp-content\/plugins\/wp-job-manager\/assets\/images\/company.png\" alt=\"\" \/>\t\t<div class=\"position\">\n\t\t\t<h3>General nurse<\/h3>\n\t\t\t<div class=\"company\">\n\t\t\t\t\t\t\t\t\t\t\t<\/div>\n\t\t<\/div>\n\t\t<div class=\"location\">\n\t\t\t8 School Street, Brasov\t\t<\/div>\n\t\t<ul class=\"meta\">\n\t\t\t\n\t\t\t\t\t\t\t\t\t\t\t\t\t\t\t\t<li class=\"job-type full-time\">Full Time<\/li>\n\t\t\t\t\t\t\t\n\t\t\t<li class=\"date\"><time datetime=\"2025-07-21\">Posted 9 months ago<\/time><\/li>\n\n\t\t\t\t\t<\/ul>\n\t<\/a>\n<\/li>\n<li class=\"post-31191 job_listing type-job_listing status-publish hentry job-type-full-time\" data-longitude=\"\" data-latitude=\"\">\n\t<a href=\"https:\/\/clinicco.ro\/en\/job\/customer-relations-officer\/\">\n\t\t<img decoding=\"async\" class=\"company_logo\" src=\"https:\/\/clinicco.ro\/wp-content\/plugins\/wp-job-manager\/assets\/images\/company.png\" alt=\"\" \/>\t\t<div class=\"position\">\n\t\t\t<h3>Customer Relations Officer<\/h3>\n\t\t\t<div class=\"company\">\n\t\t\t\t\t\t\t\t\t\t\t<\/div>\n\t\t<\/div>\n\t\t<div class=\"location\">\n\t\t\t8 School Street, Brasov\t\t<\/div>\n\t\t<ul class=\"meta\">\n\t\t\t\n\t\t\t\t\t\t\t\t\t\t\t\t\t\t\t\t<li class=\"job-type full-time\">Full Time<\/li>\n\t\t\t\t\t\t\t\n\t\t\t<li class=\"date\"><time datetime=\"2025-07-21\">Posted 9 months ago<\/time><\/li>\n\n\t\t\t\t\t<\/ul>\n\t<\/a>\n<\/li>\n<li class=\"post-31182 job_listing type-job_listing status-publish hentry job-type-full-time\" data-longitude=\"\" data-latitude=\"\">\n\t<a href=\"https:\/\/clinicco.ro\/en\/job\/cleaning-cleaner\/\">\n\t\t<img decoding=\"async\" class=\"company_logo\" src=\"https:\/\/clinicco.ro\/wp-content\/plugins\/wp-job-manager\/assets\/images\/company.png\" alt=\"\" \/>\t\t<div class=\"position\">\n\t\t\t<h3>Cleaning cleaner<\/h3>\n\t\t\t<div class=\"company\">\n\t\t\t\t\t\t\t\t\t\t\t<\/div>\n\t\t<\/div>\n\t\t<div class=\"location\">\n\t\t\t8 School Street, Brasov\t\t<\/div>\n\t\t<ul class=\"meta\">\n\t\t\t\n\t\t\t\t\t\t\t\t\t\t\t\t\t\t\t\t<li class=\"job-type full-time\">Full Time<\/li>\n\t\t\t\t\t\t\t\n\t\t\t<li class=\"date\"><time datetime=\"2025-07-21\">Posted 9 months ago<\/time><\/li>\n\n\t\t\t\t\t<\/ul>\n\t<\/a>\n<\/li>\n<li class=\"post-26421 job_listing type-job_listing status-publish hentry job-type-full-time\" data-longitude=\"\" data-latitude=\"\">\n\t<a href=\"https:\/\/clinicco.ro\/en\/job\/job-title\/\">\n\t\t<img decoding=\"async\" class=\"company_logo\" src=\"https:\/\/clinicco.ro\/wp-content\/plugins\/wp-job-manager\/assets\/images\/company.png\" alt=\"Time interval.\" \/>\t\t<div class=\"position\">\n\t\t\t<h3>Nurse<\/h3>\n\t\t\t<div class=\"company\">\n\t\t\t\t<strong>Time interval.<\/strong> \t\t\t\t<span class=\"tagline\">Time interval<\/span>\t\t\t<\/div>\n\t\t<\/div>\n\t\t<div class=\"location\">\n\t\t\t8 School Street, Brasov\t\t<\/div>\n\t\t<ul class=\"meta\">\n\t\t\t\n\t\t\t\t\t\t\t\t\t\t\t\t\t\t\t\t<li class=\"job-type full-time\">Full Time<\/li>\n\t\t\t\t\t\t\t\n\t\t\t<li class=\"date\"><time datetime=\"2025-04-12\">Posted 1 year ago<\/time><\/li>\n\n\t\t\t\t\t<\/ul>\n\t<\/a>\n<\/li>\n<\/ul>\n<\/div>\n<\/div>\n\t\t\t\t<\/div>\n\t\t\t\t<\/div>\n\t\t            <\/div>\r\n        <\/div>\r\n        \t\t\t<\/div>\n\t\t<\/section>\n\t\t\t\t<\/div>","protected":false},"excerpt":{"rendered":"<p>Cariere CARIERE Oportunit\u0103\u021bi de carier\u0103 Al\u0103tura\u021bi-v\u0103 echipei CLINICCO. Suntem \u00een c\u0103utare de profesioni\u0219ti dedica\u021bi, care doresc s\u0103 contribuie la un act medical de calitate \u0219i la o experien\u021b\u0103 c\u00e2t mai bun\u0103 pentru pacien\u021bi. La Clinicco ve\u021bi g\u0103si un mediu modern, colaborativ \u0219i orientat spre excelen\u021b\u0103. Dac\u0103 dori\u021bi s\u0103 v\u0103 al\u0103tura\u021bi echipei noastre, v\u0103 rug\u0103m s\u0103 [&hellip;]<\/p>","protected":false},"author":4,"featured_media":32350,"parent":0,"menu_order":0,"comment_status":"closed","ping_status":"closed","template":"","meta":{"_acf_changed":false,"footnotes":""},"class_list":["post-23128","page","type-page","status-publish","has-post-thumbnail","hentry"],"yoast_head":"<!-- This site is optimized with the Yoast SEO plugin v24.1 - https:\/\/yoast.com\/wordpress\/plugins\/seo\/ -->\n<title>Al\u0103tura\u021bi-v\u0103 echipei CLINICCO Bra\u0219ov | Oportunit\u0103\u021bi de carier\u0103<\/title>\n<meta name=\"description\" content=\"Explora\u021bi oportunit\u0103\u021bile de carier\u0103 la CLINICCO Bra\u0219ov \u0219i trimite\u021bi CV-ul pentru a lucra \u00eentr-un mediu medical modern \u0219i dedicat.\" \/>\n<meta name=\"robots\" content=\"index, follow, max-snippet:-1, max-image-preview:large, max-video-preview:-1\" \/>\n<link rel=\"canonical\" href=\"https:\/\/clinicco.ro\/en\/careers\/\" \/>\n<meta property=\"og:locale\" content=\"en_US\" \/>\n<meta property=\"og:type\" content=\"article\" \/>\n<meta property=\"og:title\" content=\"Al\u0103tura\u021bi-v\u0103 echipei CLINICCO Bra\u0219ov | Oportunit\u0103\u021bi de carier\u0103\" \/>\n<meta property=\"og:description\" content=\"Explora\u021bi oportunit\u0103\u021bile de carier\u0103 la CLINICCO Bra\u0219ov \u0219i trimite\u021bi CV-ul pentru a lucra \u00eentr-un mediu medical modern \u0219i dedicat.\" \/>\n<meta property=\"og:url\" content=\"https:\/\/clinicco.ro\/en\/careers\/\" \/>\n<meta property=\"og:site_name\" content=\"Spitalul CLINICCO\" \/>\n<meta property=\"article:modified_time\" content=\"2026-04-20T07:57:42+00:00\" \/>\n<meta property=\"og:image\" content=\"https:\/\/clinicco.ro\/wp-content\/uploads\/2025\/04\/meta-clinicco.webp\" \/>\n\t<meta property=\"og:image:width\" content=\"1800\" \/>\n\t<meta property=\"og:image:height\" content=\"945\" \/>\n\t<meta property=\"og:image:type\" content=\"image\/webp\" \/>\n<meta name=\"twitter:card\" content=\"summary_large_image\" \/>\n<meta name=\"twitter:label1\" content=\"Est. reading time\" \/>\n\t<meta name=\"twitter:data1\" content=\"1 minute\" \/>\n<script type=\"application\/ld+json\" class=\"yoast-schema-graph\">{\"@context\":\"https:\/\/schema.org\",\"@graph\":[{\"@type\":\"WebPage\",\"@id\":\"https:\/\/clinicco.ro\/en\/careers\/\",\"url\":\"https:\/\/clinicco.ro\/en\/careers\/\",\"name\":\"Al\u0103tura\u021bi-v\u0103 echipei CLINICCO Bra\u0219ov | Oportunit\u0103\u021bi de carier\u0103\",\"isPartOf\":{\"@id\":\"https:\/\/clinicco.ro\/en\/#website\"},\"primaryImageOfPage\":{\"@id\":\"https:\/\/clinicco.ro\/en\/careers\/#primaryimage\"},\"image\":{\"@id\":\"https:\/\/clinicco.ro\/en\/careers\/#primaryimage\"},\"thumbnailUrl\":\"https:\/\/clinicco.ro\/wp-content\/uploads\/2025\/04\/meta-clinicco.webp\",\"datePublished\":\"2025-02-25T12:42:39+00:00\",\"dateModified\":\"2026-04-20T07:57:42+00:00\",\"description\":\"Explora\u021bi oportunit\u0103\u021bile de carier\u0103 la CLINICCO Bra\u0219ov \u0219i trimite\u021bi CV-ul pentru a lucra \u00eentr-un mediu medical modern \u0219i dedicat.\",\"breadcrumb\":{\"@id\":\"https:\/\/clinicco.ro\/en\/careers\/#breadcrumb\"},\"inLanguage\":\"en-US\",\"potentialAction\":[{\"@type\":\"ReadAction\",\"target\":[\"https:\/\/clinicco.ro\/en\/careers\/\"]}]},{\"@type\":\"ImageObject\",\"inLanguage\":\"en-US\",\"@id\":\"https:\/\/clinicco.ro\/en\/careers\/#primaryimage\",\"url\":\"https:\/\/clinicco.ro\/wp-content\/uploads\/2025\/04\/meta-clinicco.webp\",\"contentUrl\":\"https:\/\/clinicco.ro\/wp-content\/uploads\/2025\/04\/meta-clinicco.webp\",\"width\":1800,\"height\":945},{\"@type\":\"BreadcrumbList\",\"@id\":\"https:\/\/clinicco.ro\/en\/careers\/#breadcrumb\",\"itemListElement\":[{\"@type\":\"ListItem\",\"position\":1,\"name\":\"Home\",\"item\":\"https:\/\/clinicco.ro\/\"},{\"@type\":\"ListItem\",\"position\":2,\"name\":\"Cariere\"}]},{\"@type\":\"WebSite\",\"@id\":\"https:\/\/clinicco.ro\/en\/#website\",\"url\":\"https:\/\/clinicco.ro\/en\/\",\"name\":\"Spitalul CLINICCO\",\"description\":\"\",\"publisher\":{\"@id\":\"https:\/\/clinicco.ro\/en\/#organization\"},\"potentialAction\":[{\"@type\":\"SearchAction\",\"target\":{\"@type\":\"EntryPoint\",\"urlTemplate\":\"https:\/\/clinicco.ro\/en\/?s={search_term_string}\"},\"query-input\":{\"@type\":\"PropertyValueSpecification\",\"valueRequired\":true,\"valueName\":\"search_term_string\"}}],\"inLanguage\":\"en-US\"},{\"@type\":\"Organization\",\"@id\":\"https:\/\/clinicco.ro\/en\/#organization\",\"name\":\"Spitalul CLINICCO\",\"url\":\"https:\/\/clinicco.ro\/en\/\",\"logo\":{\"@type\":\"ImageObject\",\"inLanguage\":\"en-US\",\"@id\":\"https:\/\/clinicco.ro\/en\/#\/schema\/logo\/image\/\",\"url\":\"https:\/\/clinicco.ro\/wp-content\/uploads\/2025\/08\/cropped-iclogo-clinicco.png\",\"contentUrl\":\"https:\/\/clinicco.ro\/wp-content\/uploads\/2025\/08\/cropped-iclogo-clinicco.png\",\"width\":512,\"height\":512,\"caption\":\"Spitalul CLINICCO\"},\"image\":{\"@id\":\"https:\/\/clinicco.ro\/en\/#\/schema\/logo\/image\/\"}}]}<\/script>\n<!-- \/ Yoast SEO plugin. -->","yoast_head_json":{"title":"Join the CLINICCO Brasov team | Career opportunities","description":"Explore career opportunities at CLINICCO Brasov and submit your CV to work in a modern and dedicated medical environment.","robots":{"index":"index","follow":"follow","max-snippet":"max-snippet:-1","max-image-preview":"max-image-preview:large","max-video-preview":"max-video-preview:-1"},"canonical":"https:\/\/clinicco.ro\/en\/careers\/","og_locale":"en_US","og_type":"article","og_title":"Al\u0103tura\u021bi-v\u0103 echipei CLINICCO Bra\u0219ov | Oportunit\u0103\u021bi de carier\u0103","og_description":"Explora\u021bi oportunit\u0103\u021bile de carier\u0103 la CLINICCO Bra\u0219ov \u0219i trimite\u021bi CV-ul pentru a lucra \u00eentr-un mediu medical modern \u0219i dedicat.","og_url":"https:\/\/clinicco.ro\/en\/careers\/","og_site_name":"Spitalul CLINICCO","article_modified_time":"2026-04-20T07:57:42+00:00","og_image":[{"width":1800,"height":945,"url":"https:\/\/clinicco.ro\/wp-content\/uploads\/2025\/04\/meta-clinicco.webp","type":"image\/webp"}],"twitter_card":"summary_large_image","twitter_misc":{"Est. reading time":"1 minute"},"schema":{"@context":"https:\/\/schema.org","@graph":[{"@type":"WebPage","@id":"https:\/\/clinicco.ro\/en\/careers\/","url":"https:\/\/clinicco.ro\/en\/careers\/","name":"Join the CLINICCO Brasov team | Career opportunities","isPartOf":{"@id":"https:\/\/clinicco.ro\/en\/#website"},"primaryImageOfPage":{"@id":"https:\/\/clinicco.ro\/en\/careers\/#primaryimage"},"image":{"@id":"https:\/\/clinicco.ro\/en\/careers\/#primaryimage"},"thumbnailUrl":"https:\/\/clinicco.ro\/wp-content\/uploads\/2025\/04\/meta-clinicco.webp","datePublished":"2025-02-25T12:42:39+00:00","dateModified":"2026-04-20T07:57:42+00:00","description":"Explore career opportunities at CLINICCO Brasov and submit your CV to work in a modern and dedicated medical environment.","breadcrumb":{"@id":"https:\/\/clinicco.ro\/en\/careers\/#breadcrumb"},"inLanguage":"en-US","potentialAction":[{"@type":"ReadAction","target":["https:\/\/clinicco.ro\/en\/careers\/"]}]},{"@type":"ImageObject","inLanguage":"en-US","@id":"https:\/\/clinicco.ro\/en\/careers\/#primaryimage","url":"https:\/\/clinicco.ro\/wp-content\/uploads\/2025\/04\/meta-clinicco.webp","contentUrl":"https:\/\/clinicco.ro\/wp-content\/uploads\/2025\/04\/meta-clinicco.webp","width":1800,"height":945},{"@type":"BreadcrumbList","@id":"https:\/\/clinicco.ro\/en\/careers\/#breadcrumb","itemListElement":[{"@type":"ListItem","position":1,"name":"Home","item":"https:\/\/clinicco.ro\/"},{"@type":"ListItem","position":2,"name":"Cariere"}]},{"@type":"WebSite","@id":"https:\/\/clinicco.ro\/en\/#website","url":"https:\/\/clinicco.ro\/en\/","name":"CLINICCO Hospital","description":"","publisher":{"@id":"https:\/\/clinicco.ro\/en\/#organization"},"potentialAction":[{"@type":"SearchAction","target":{"@type":"EntryPoint","urlTemplate":"https:\/\/clinicco.ro\/en\/?s={search_term_string}"},"query-input":{"@type":"PropertyValueSpecification","valueRequired":true,"valueName":"search_term_string"}}],"inLanguage":"en-US"},{"@type":"Organization","@id":"https:\/\/clinicco.ro\/en\/#organization","name":"CLINICCO Hospital","url":"https:\/\/clinicco.ro\/en\/","logo":{"@type":"ImageObject","inLanguage":"en-US","@id":"https:\/\/clinicco.ro\/en\/#\/schema\/logo\/image\/","url":"https:\/\/clinicco.ro\/wp-content\/uploads\/2025\/08\/cropped-iclogo-clinicco.png","contentUrl":"https:\/\/clinicco.ro\/wp-content\/uploads\/2025\/08\/cropped-iclogo-clinicco.png","width":512,"height":512,"caption":"Spitalul CLINICCO"},"image":{"@id":"https:\/\/clinicco.ro\/en\/#\/schema\/logo\/image\/"}}]}},"acf":[],"_links":{"self":[{"href":"https:\/\/clinicco.ro\/en\/wp-json\/wp\/v2\/pages\/23128","targetHints":{"allow":["GET"]}}],"collection":[{"href":"https:\/\/clinicco.ro\/en\/wp-json\/wp\/v2\/pages"}],"about":[{"href":"https:\/\/clinicco.ro\/en\/wp-json\/wp\/v2\/types\/page"}],"author":[{"embeddable":true,"href":"https:\/\/clinicco.ro\/en\/wp-json\/wp\/v2\/users\/4"}],"replies":[{"embeddable":true,"href":"https:\/\/clinicco.ro\/en\/wp-json\/wp\/v2\/comments?post=23128"}],"version-history":[{"count":0,"href":"https:\/\/clinicco.ro\/en\/wp-json\/wp\/v2\/pages\/23128\/revisions"}],"wp:featuredmedia":[{"embeddable":true,"href":"https:\/\/clinicco.ro\/en\/wp-json\/wp\/v2\/media\/32350"}],"wp:attachment":[{"href":"https:\/\/clinicco.ro\/en\/wp-json\/wp\/v2\/media?parent=23128"}],"curies":[{"name":"wp","href":"https:\/\/api.w.org\/{rel}","templated":true}]}}